{"id":19298,"date":"2024-03-13T12:32:18","date_gmt":"2024-03-13T12:32:18","guid":{"rendered":"https:\/\/www.jetlogistics.eu\/?page_id=19298"},"modified":"2024-06-25T08:54:33","modified_gmt":"2024-06-25T08:54:33","slug":"home","status":"publish","type":"page","link":"https:\/\/www.jetlogistics.eu\/de\/home\/","title":{"rendered":"JET Logistik GmbH"},"content":{"rendered":"<p>[vc_row full_width=&#8220;stretch_row_content&#8220; full_height=&#8220;yes&#8220; row_btt_skin=&#8220;light&#8220; row_background_text_position=&#8220;front&#8220; css=&#8220;.vc_custom_1719297959827{padding-top: 0px !important;}&#8220;][vc_column width=&#8220;1\/2&#8243;][vc_hoverbox image=&#8220;20323&#8243; primary_title=&#8220;&#8220; primary_title_font_container=&#8220;font_size:60|color:%23ffffff&#8220; primary_title_google_fonts=&#8220;font_family:Montserrat%3Aregular%2C700|font_style:400%20regular%3A400%3Anormal&#8220; hover_title=&#8220;Wer wir sind&#8220; hover_background_color=&#8220;white&#8220; css_animation=&#8220;none&#8220; use_custom_fonts_primary_title=&#8220;true&#8220; css=&#8220;.vc_custom_1712737146499{padding-right: 30px !important;padding-left: 10px !important;}&#8220;]<\/p>\n<div>\n<p style=\"text-align: center;\">Willkommen bei JET Logistik GmbH! Ihrem kompetenten Partner f\u00fcr Spedition und Logistik in G\u00f6ssnitz bei Gera\/Th\u00fcringen.<br \/>\nUnser Unternehmen besteht bereits seit \u00fcber 25 Jahren und ist fest am Standort in G\u00f6ssnitz verankert.<\/p>\n<p style=\"text-align: center;\">Als mittelst\u00e4ndiges Logistikunternehmen legen wir gro\u00dfen Wert auf Kundenzufriedenheit und individuelle L\u00f6sungen f\u00fcr unsere Partner. Unsere Leistungen umfassen die Organisation von nationalen und internationalen Transporten mit Schwerpunkt Deutschland und Benelux.<\/p>\n<p style=\"text-align: center;\">Dabei setzen wir auf modernste LKW-Flotten und erfahrene Fahrer, die t\u00e4glich in Th\u00fcringen, Sachsen und Sachsen-Anhalt unterwegs sind, um Ihre Waren sicher und termingerecht zu liefern.<\/p>\n<p style=\"text-align: center;\">Neben Transportdienstleistungen bieten wir auch erstklassige Lagerlogistik an. In unserem Umschlaglager stehen Ihnen 1500 m\u00b2 Lagerfl\u00e4che zur Verf\u00fcgung.<br \/>\nUnser erfahrenes Team sorgt f\u00fcr eine effiziente Lagerung und Kommissionierung Ihrer Produkte.<\/p>\n<\/div>\n<p>&nbsp;<\/p>\n<p>&nbsp;<\/p>\n<p>&nbsp;<\/p>\n<p>&nbsp;<\/p>\n<p>&nbsp;<\/p>\n<p>&nbsp;<\/p>\n<p>&nbsp;<\/p>\n<p>&nbsp;<\/p>\n<p>&nbsp;<\/p>\n<p>&nbsp;<\/p>\n<p>&nbsp;<\/p>\n<p style=\"text-align: center;\"><span style=\"vertical-align: inherit;\"><span style=\"vertical-align: inherit;\"><span style=\"vertical-align: inherit;\"><span style=\"vertical-align: inherit;\"><span style=\"vertical-align: inherit;\"><span style=\"vertical-align: inherit;\"><span style=\"vertical-align: inherit;\"><span style=\"vertical-align: inherit;\"><span style=\"vertical-align: inherit;\"><span style=\"vertical-align: inherit;\"><span style=\"vertical-align: inherit;\"><span style=\"vertical-align: inherit;\"><span style=\"vertical-align: inherit;\"><span style=\"vertical-align: inherit;\"><span style=\"vertical-align: inherit;\"><span style=\"vertical-align: inherit;\"><span style=\"vertical-align: inherit;\"><span style=\"vertical-align: inherit;\"><span style=\"vertical-align: inherit;\"><span style=\"vertical-align: inherit;\"><span style=\"vertical-align: inherit;\"><span style=\"vertical-align: inherit;\"><span style=\"vertical-align: inherit;\"><span style=\"vertical-align: inherit;\"><span style=\"vertical-align: inherit;\"><span style=\"vertical-align: inherit;\"><a itemprop=\"url\" href=\"https:\/\/www.jetlogistics.eu\/de\/%20imprintum-gmbh\/\" target=\"_self\" style=\"color: #FFFFFF;background-color: #E22221\" class=\"mkdf-btn mkdf-btn-medium mkdf-btn-solid\"  >\n    <span class=\"mkdf-btn-text\">\u00dcber uns<\/span>\n    <i class=\"mkdf-icon-font-awesome  \" ><\/i><\/a><\/span><\/span><\/span><\/span><\/span><\/span><\/p>\n<p>[\/vc_hoverbox][\/vc_column][vc_column width=&#8220;1\/2&#8243;][vc_hoverbox image=&#8220;20326&#8243; primary_title=&#8220;&#8220; primary_title_font_container=&#8220;font_size:60|color:%23ffffff&#8220; primary_title_google_fonts=&#8220;font_family:Montserrat%3Aregular%2C700|font_style:400%20regular%3A400%3Anormal&#8220; hover_title=&#8220;Was wir machen&#8220; hover_background_color=&#8220;white&#8220; css_animation=&#8220;none&#8220; use_custom_fonts_primary_title=&#8220;true&#8220; css=&#8220;.vc_custom_1712737156549{padding-right: 10px !important;padding-left: 30px !important;}&#8220;]<\/p>\n<div>\n<p style=\"text-align: center;\">Sie ben\u00f6tigen zus\u00e4tzlich einen LKW mit Fahrer und Satteltrailerequipment? Kein Problem! Wir bieten Ihnen auch im Segment &#8222;Trucking&#8220; ma\u00dfgeschneiderte L\u00f6sungen an.<\/p>\n<p style=\"text-align: center;\">Ein weiterer Schwerpunkt unseres Unternehmens sind FTL- und LTL-Transporte f\u00fcr regionale und internationale Kunden. Dabei geh\u00f6ren ADR-Transporte zu unseren Kernkompetenzen. Wir verstehen die Anforderungen der chemischen Industrie, der IT-Herstellung und der Automobilindustrie und stellen sicher, dass Ihre Just-in-Time-Lieferungen termingerecht und sicher bei Ihnen ankommen.<\/p>\n<p style=\"text-align: center;\">Sie suchen einen zuverl\u00e4ssigen Partner f\u00fcr Ihre Speditions- und Logistikbed\u00fcrfnisse? Vertrauen Sie auf JET Logistik GmbH &#8211; Ihr Partner f\u00fcr einen reibungslosen Transport und eine effiziente Lagerlogistik!<\/p>\n<\/div>\n<p class=\"cvGsUA direction-ltr align-start para-style-body\" style=\"text-align: center;\"><span class=\"OYPEnA text-decoration-none text-strikethrough-none\">Dann z\u00f6gern Sie nicht und kontaktieren Sie uns JETzt!<\/span><\/p>\n<p>&nbsp;<\/p>\n<p>&nbsp;<\/p>\n<p>&nbsp;<\/p>\n<p>&nbsp;<\/p>\n<p>&nbsp;<\/p>\n<p>&nbsp;<\/p>\n<p>&nbsp;<\/p>\n<p>&nbsp;<\/p>\n<p>&nbsp;<\/p>\n<p>&nbsp;<\/p>\n<p>&nbsp;<\/p>\n<p style=\"text-align: center;\"><span style=\"vertical-align: inherit;\"><span style=\"vertical-align: inherit;\"><span style=\"vertical-align: inherit;\"><span style=\"vertical-align: inherit;\"><span style=\"vertical-align: inherit;\"><span style=\"vertical-align: inherit;\"><span style=\"vertical-align: inherit;\"><span style=\"vertical-align: inherit;\"><span style=\"vertical-align: inherit;\"><span style=\"vertical-align: inherit;\"><span style=\"vertical-align: inherit;\"><span style=\"vertical-align: inherit;\"><span style=\"vertical-align: inherit;\"><span style=\"vertical-align: inherit;\"><span style=\"vertical-align: inherit;\"><span style=\"vertical-align: inherit;\"><span style=\"vertical-align: inherit;\"><a itemprop=\"url\" href=\"https:\/\/www.jetlogistics.eu\/de\/angebote-gmbh\/\" target=\"_self\" style=\"color: #FFFFFF;background-color: #E22221\" class=\"mkdf-btn mkdf-btn-large mkdf-btn-solid\"  >\n    <span class=\"mkdf-btn-text\">Angebote<\/span>\n    <i class=\"mkdf-icon-font-awesome  \" ><\/i><\/a><\/span><\/span><\/span><\/span><\/span><\/span><\/span><\/span><\/span><\/span><\/span><\/span><\/span><\/span><\/span><\/span><\/span><\/p>\n<p>[\/vc_hoverbox][\/vc_column][\/vc_row][vc_row row_btt_skin=&#8220;light&#8220; row_background_text_position=&#8220;front&#8220;][vc_column width=&#8220;1\/6&#8243;][\/vc_column][vc_column width=&#8220;2\/3&#8243;][vc_btn title=&#8220;Kontakt&#8220; style=&#8220;3d&#8220; color=&#8220;inverse&#8220; size=&#8220;lg&#8220; align=&#8220;center&#8220; button_block=&#8220;true&#8220; link=&#8220;url:https%3A%2F%2Fwww.jetlogistics.eu%2Fde%2Fkontakt-gmbh%2F&#8220;][\/vc_column][vc_column width=&#8220;1\/6&#8243;][\/vc_column][\/vc_row]<\/p>\n","protected":false},"excerpt":{"rendered":"<p>[vc_row full_width=&#8220;stretch_row_content&#8220; full_height=&#8220;yes&#8220; row_btt_skin=&#8220;light&#8220; row_background_text_position=&#8220;front&#8220; css=&#8220;.vc_custom_1719297959827{padding-top: 0px !important;}&#8220;][vc_column width=&#8220;1\/2&#8243;][vc_hoverbox image=&#8220;20323&#8243; primary_title=&#8220;&#8220; primary_title_font_container=&#8220;font_size:60|color:%23ffffff&#8220; primary_title_google_fonts=&#8220;font_family:Montserrat%3Aregular%2C700|font_style:400%20regular%3A400%3Anormal&#8220; hover_title=&#8220;Wer wir sind&#8220; hover_background_color=&#8220;white&#8220; css_animation=&#8220;none&#8220; use_custom_fonts_primary_title=&#8220;true&#8220; css=&#8220;.vc_custom_1712737146499{padding-right: 30px !important;padding-left: 10px !important;}&#8220;] Willkommen bei JET Logistik GmbH! Ihrem kompetenten Partner f\u00fcr Spedition und Logistik in G\u00f6ssnitz bei Gera\/Th\u00fcringen. [&hellip;]<\/p>\n","protected":false},"author":2,"featured_media":0,"parent":0,"menu_order":0,"comment_status":"closed","ping_status":"closed","template":"","meta":{"footnotes":""},"class_list":["post-19298","page","type-page","status-publish","hentry"],"_links":{"self":[{"href":"https:\/\/www.jetlogistics.eu\/de\/wp-json\/wp\/v2\/pages\/19298","targetHints":{"allow":["GET"]}}],"collection":[{"href":"https:\/\/www.jetlogistics.eu\/de\/wp-json\/wp\/v2\/pages"}],"about":[{"href":"https:\/\/www.jetlogistics.eu\/de\/wp-json\/wp\/v2\/types\/page"}],"author":[{"embeddable":true,"href":"https:\/\/www.jetlogistics.eu\/de\/wp-json\/wp\/v2\/users\/2"}],"replies":[{"embeddable":true,"href":"https:\/\/www.jetlogistics.eu\/de\/wp-json\/wp\/v2\/comments?post=19298"}],"version-history":[{"count":150,"href":"https:\/\/www.jetlogistics.eu\/de\/wp-json\/wp\/v2\/pages\/19298\/revisions"}],"predecessor-version":[{"id":20985,"href":"https:\/\/www.jetlogistics.eu\/de\/wp-json\/wp\/v2\/pages\/19298\/revisions\/20985"}],"wp:attachment":[{"href":"https:\/\/www.jetlogistics.eu\/de\/wp-json\/wp\/v2\/media?parent=19298"}],"curies":[{"name":"wp","href":"https:\/\/api.w.org\/{rel}","templated":true}]}}