{"id":8758,"date":"2021-10-12T16:38:16","date_gmt":"2021-10-12T16:38:16","guid":{"rendered":"https:\/\/www.jetlogistics.eu\/warum-jet-waehlen\/"},"modified":"2022-03-10T09:17:31","modified_gmt":"2022-03-10T09:17:31","slug":"warum-jet-waehlen","status":"publish","type":"page","link":"https:\/\/www.jetlogistics.eu\/de\/warum-jet-waehlen\/","title":{"rendered":"Warum JET w\u00e4hlen"},"content":{"rendered":"<p>[vc_row content_placement=&#8220;middle&#8220; row_content_width=&#8220;grid&#8220; row_btt_skin=&#8220;light&#8220; row_background_text_position=&#8220;front&#8220; content_width=&#8220;grid&#8220; css=&#8220;.vc_custom_1634108421400{padding-top: 100px !important;padding-bottom: 120px !important;}&#8220;][vc_column width=&#8220;1\/2&#8243; offset=&#8220;vc_col-lg-offset-0 vc_col-lg-6 vc_col-md-offset-0 vc_col-md-8 vc_col-sm-offset-0&#8243;]<div class=\"mkdf-section-title-holder  mkdf-st-standard mkdf-st-title-left mkdf-st-normal-space \" style=\"text-align: left\">\n\t<div class=\"mkdf-st-inner\">\n        \t\t\t\t\t<h2 class=\"mkdf-st-title\" >\n\t\t\t\tKundenzentralit\u00e4t\t\t\t<\/h2>\n\t\t\t\t\t<\/div>\n<\/div>[vc_empty_space][vc_column_text]Ein ma\u00dfgeschneidertes Logistikangebot? Bei JET hat jeder Auftrag eine pers\u00f6nliche Geschichte.<\/p>\n<p>Wie k\u00f6nnen wir Ihnen am besten helfen? Welcher Service passt am besten zu Ihrem Unternehmen? Welche Transportm\u00f6glichkeiten sind f\u00fcr Sie die g\u00fcnstigsten? Jeden Tag denken wir mit unseren Kunden mit und suchen gemeinsam nach M\u00f6glichkeiten f\u00fcr Verbesserungen und Optimierungen. Da jeder Auftrag unterschiedlich ist, ist es entscheidend, unseren Service und unsere Prozesse so genau wie m\u00f6glich auf die Nachfrage abzustimmen. Wir fragen uns daher immer wieder, wie wir JET Logistics noch sicherer, schneller und effizienter machen k\u00f6nnen, um f\u00fcr alle Kunden eine ma\u00dfgeschneiderte L\u00f6sung anbieten zu k\u00f6nnen.<\/p>\n<p>Dank des guten und reibungslosen Zusammenspiels zwischen dem JET-Team und unseren Kunden haben wir ein dauerhaftes Vertrauensverh\u00e4ltnis zu unseren Kunden aufgebaut. Eine konstruktive Interaktion ist daher von gr\u00f6\u00dfter Bedeutung. Durch die Kombination Ihrer Vision und unseres Sachverst\u00e4ndnisses sind wir in der Lage, auch auf die komplexesten logistischen Herausforderungen oder Auftr\u00e4ge eine passende Antwort zu formulieren.[\/vc_column_text][\/vc_column][vc_column width=&#8220;1\/2&#8243; offset=&#8220;vc_col-lg-offset-1 vc_col-lg-5&#8243;][vc_column_text]<\/p>\n<blockquote><p><strong>&#8222;Bei JET optimieren wir die internen Gesch\u00e4ftsprozesse unserer Kunden durch professionelle Analysen, Audits vor Ort, unser Engineering und unsere Kreativit\u00e4t.&#8220;<\/strong><\/p><\/blockquote>\n<p>[\/vc_column_text][\/vc_column][\/vc_row][vc_row row_content_width=&#8220;grid&#8220; row_btt_skin=&#8220;light&#8220; disable_background_image=&#8220;&#8220; row_background_text_position=&#8220;front&#8220; row_skin=&#8220;dark&#8220; css=&#8220;.vc_custom_1638269295069{padding-top: 113px !important;padding-bottom: 113px !important;}&#8220; simple_background_image=&#8220;7474&#8243;][vc_column offset=&#8220;vc_col-lg-offset-6 vc_col-lg-6&#8243; css=&#8220;.vc_custom_1552990378674{padding-right: 15px !important;padding-left: 28px !important;}&#8220; el_class=&#8220;.mkdf-different-button-hover&#8220;]<div class=\"mkdf-elements-holder   mkdf-one-column  mkdf-responsive-mode-768 \" ><div class=\"mkdf-eh-item    \" style=\"background-color: #e22221\" data-item-class=\"mkdf-eh-custom-4888\" data-1367-1600=\"76px 100px 85px 106px\" data-1025-1366=\"76px 90px 85px 90px\" data-769-1024=\"76px 280px 85px 86px\" data-681-768=\"76px 110px 85px 120px\" data-680=\"35px 20px 45px 22px\">\n\t<div class=\"mkdf-eh-item-inner\">\n\t\t<div class=\"mkdf-eh-item-content mkdf-eh-custom-4888\" style=\"padding: 76px 100px 85px 106px\">\n\t\t\t<div class=\"mkdf-section-title-holder  mkdf-st-standard mkdf-st-title-left mkdf-st-normal-space \" >\n\t<div class=\"mkdf-st-inner\">\n        \t\t\t\t\t<h2 class=\"mkdf-st-title\" style=\"color: #ffffff\">\n\t\t\t\tJET Academy<br \/>\t\t\t<\/h2>\n\t\t\t\t\t\t\t<h5 class=\"mkdf-st-text\" style=\"color: #ffffff;font-size: 18px;line-height: 26px;font-weight: 400;margin-top: 21px\">\n\t\t\t\tDurch die Gr\u00fcndung unserer JET-Akademie verf\u00fcgen wir \u00fcber ein eigenes praxisorientiertes Logistik-Trainingszentrum, in dem sowohl interne als auch externe Fahrer verschiedene Arten von Schulungen absolvieren k\u00f6nnen. Alle unsere Fahrer absolvieren so einen obligatorischen Schulungskurs innerhalb unserer internen Akademie, um die richtigen F\u00fchrerscheine und Zertifikate, wie z. B. ein ADR-Zertifikat, einzuhalten. F\u00fcr diese Kurse laden wir verschiedene Lehrer ein, die pro Sitzung ein bestimmtes Thema behandeln.\t\t\t<\/h5>\n\t\t\t<\/div>\n<\/div>\t\t<\/div>\n\t<\/div>\n<\/div><\/div>[\/vc_column][\/vc_row][vc_row row_content_width=&#8220;grid&#8220; row_btt_skin=&#8220;light&#8220; row_background_text_position=&#8220;front&#8220; content_width=&#8220;grid&#8220; css=&#8220;.vc_custom_1634108435450{padding-top: 100px !important;padding-bottom: 120px !important;}&#8220;][vc_column width=&#8220;1\/2&#8243; offset=&#8220;vc_col-lg-offset-0 vc_col-lg-6 vc_col-md-offset-0 vc_col-md-8 vc_col-sm-offset-0&#8243;][vc_column_text]Das macht JET nicht nur zu einem gew\u00f6hnlichen Transporteur, der Ihre Waren von A nach B bringt, sondern zu einem versierten Logistikspezialisten, der \u00fcber das n\u00f6tige Know-how verf\u00fcgt. Neugierig, welche Managementtechniken zu einem besseren Workflow f\u00fchren? Wie Sie am effizientesten mit Lieferanten kommunizieren? Oder m\u00f6chten Sie einfach nur Ihre Logistikkenntnisse auffrischen? Unsere Schulungen bieten wir auch auf Wunsch unserer Kunden an. Auf diese Weise bleibt jeder Spieler informiert \u00fcber die Gesetze und Vorschriften in der heutigen Logistikwelt. Damit kommen wir auch dem Aufkl\u00e4rungsbedarf zur aktuellen Gesetzgebung im Bereich Transport und Logistik nach. Wir haben das gesamte Wissen \u00fcber Vorschriften hier im Haus![\/vc_column_text][\/vc_column][vc_column width=&#8220;1\/2&#8243; offset=&#8220;vc_col-lg-offset-1 vc_col-lg-5&#8243;][vc_column_text]<\/p>\n<blockquote><p><strong>&#8222;Die JET Academy ist f\u00fcr jeden Kunden da, der eine aktuelle, praxisnahe Ausbildung in Logistikfragen sucht!&#8220;<\/strong><\/p><\/blockquote>\n<p>[\/vc_column_text][\/vc_column][\/vc_row][vc_row row_content_width=&#8220;grid&#8220; row_btt_skin=&#8220;light&#8220; row_background_text_position=&#8220;front&#8220; content_width=&#8220;grid&#8220; css=&#8220;.vc_custom_1634108443496{padding-top: 120px !important;padding-bottom: 120px !important;}&#8220; simple_background_color=&#8220;#45bc71&#8243;][vc_column width=&#8220;2\/3&#8243; offset=&#8220;vc_col-lg-offset-3 vc_col-lg-6 vc_col-md-offset-2 vc_col-md-8 vc_col-sm-offset-2&#8243;][vc_single_image image=&#8220;7072&#8243; img_size=&#8220;full&#8220; alignment=&#8220;center&#8220; css=&#8220;.vc_custom_1634108108672{margin-bottom: 25px !important;}&#8220;]<div class=\"mkdf-section-title-holder  mkdf-st-standard mkdf-st-title-left mkdf-st-normal-space \" style=\"text-align: center\">\n\t<div class=\"mkdf-st-inner\">\n        \t\t\t\t\t<h3 class=\"mkdf-st-title\" style=\"color: #ffffff\">\n\t\t\t\t\u00d6kologischer Gewinn\t\t\t<\/h3>\n\t\t\t\t\t\t\t<p class=\"mkdf-st-text\" style=\"color: #ffffff;margin-top: 18px\">\n\t\t\t\tIn unserer Transportbranche verf\u00fcgen wir \u00fcber einen gro\u00dfen Fuhrpark von mehr als 150 Lkw. Das sorgt nicht nur f\u00fcr ein hohes Ma\u00df an Flexibilit\u00e4t, sondern auch f\u00fcr jede Menge Emissionen und Verbrauch. Bei JET ist unsere Verantwortung, zu einer gr\u00fcneren Welt beizutragen, und die Rolle, die wir darin spielen, unverzichtbar.\nWir zielen auf niedrigere CO2-Emissionen auf der Grundlage vorgegebener KPIs ab, die st\u00e4ndig \u00fcberwacht werden. S\u00e4mtliche allgemeinen Investitionen, die wir t\u00e4tigen, machen wir heute gr\u00fcner. Beispielsweise ersetzen wir unsere mit Diesel betriebenen Lkw konsequent durch LNG. Ein sauberer Kraftstoff f\u00fcr schwerere Transporte, der daf\u00fcr sorgt, dass wir 20 % weniger emittieren als zuvor. Denken Sie aber auch an die \u201ekleinen\u201c Helfer, wie unsere Investition in Solarmodulen und LED-Beleuchtung. Durch \u00f6kologischer Gewinn gewinnen alle!\t\t\t<\/p>\n\t\t\t<\/div>\n<\/div>[\/vc_column][\/vc_row][vc_row row_content_width=&#8220;grid&#8220; row_btt_skin=&#8220;light&#8220; row_background_text_position=&#8220;front&#8220; content_width=&#8220;grid&#8220; css=&#8220;.vc_custom_1634108450639{padding-top: 100px !important;padding-bottom: 120px !important;}&#8220;][vc_column width=&#8220;2\/3&#8243; offset=&#8220;vc_col-lg-offset-3 vc_col-lg-6 vc_col-md-offset-2 vc_col-md-8 vc_col-sm-offset-2&#8243;]<div class=\"mkdf-section-title-holder  mkdf-st-standard mkdf-st-title-left mkdf-st-normal-space \" style=\"text-align: center\">\n\t<div class=\"mkdf-st-inner\">\n        \t\t\t\t\t<h2 class=\"mkdf-st-title\" >\n\t\t\t\tStabilit\u00e4t\t\t\t<\/h2>\n\t\t\t\t\t<\/div>\n<\/div>[vc_empty_space][vc_column_text]<\/p>\n<p style=\"text-align: center;\">JET kann auf mehr als 32 Jahre Erfahrung als Transportunternehmen zur\u00fcckgreifen und ist damit ein zuverl\u00e4ssiger und namhafter Partner innerhalb der europ\u00e4ischen Logistik.<\/p>\n<p style=\"text-align: center;\">Im Laufe der Jahre sind wir mehrere internationale Partnerschaften eingegangen, wodurch wir heute ein gr\u00f6\u00dferes und breiteres Absatzgebiet haben. Da wir noch ein kleines KMU mit kurzen Kommunikationswegen sind, sind wir flexibel genug, uns an jede Situation anzupassen.<\/p>\n<p style=\"text-align: center;\">Weil wir st\u00e4ndig in einen starken strategischen Businessplan investieren, sind wir ein stabiles und krisenfestes Unternehmen, das Schl\u00e4ge einstecken kann!<\/p>\n<p>[\/vc_column_text][\/vc_column][\/vc_row][vc_row equal_height=&#8220;yes&#8220; row_btt_skin=&#8220;light&#8220; row_background_text_position=&#8220;front&#8220; row_skin=&#8220;light&#8220; css=&#8220;.vc_custom_1634107252800{margin-right: 0px !important;margin-left: 0px !important;}&#8220;][vc_column css=&#8220;.vc_custom_1634107301846{padding-right: 0px !important;padding-left: 0px !important;background-color: #565969 !important;}&#8220; offset=&#8220;vc_col-lg-offset-0 vc_col-lg-2\/5 vc_col-md-offset-0 vc_col-md-12 vc_col-sm-offset-0&#8243;]<div class=\"mkdf-elements-holder   mkdf-one-column  mkdf-responsive-mode-768 \" ><div class=\"mkdf-eh-item    \"  data-item-class=\"mkdf-eh-custom-3078\" data-1367-1600=\"120px 66px 222px 120px\" data-1025-1366=\"120px 66px 222px 120px\" data-769-1024=\"121px 136px 128px 136px\" data-681-768=\"121px 64px 128px 64px\" data-680=\"121px 28px 128px 28px\">\n\t<div class=\"mkdf-eh-item-inner\">\n\t\t<div class=\"mkdf-eh-item-content mkdf-eh-custom-3078\" style=\"padding: 120px 66px 222px 120px\">\n\t\t\t<div class=\"mkdf-section-title-holder  mkdf-st-standard mkdf-st-title-left mkdf-st-normal-space \" >\n\t<div class=\"mkdf-st-inner\">\n        \t\t\t\t\t<h2 class=\"mkdf-st-title\" style=\"color: #ffffff\">\n\t\t\t\tKontaktieren Sie uns!\t\t\t<\/h2>\n\t\t\t\t\t<\/div>\n<\/div>\t\t<\/div>\n\t<\/div>\n<\/div><\/div>[\/vc_column][vc_column css=&#8220;.vc_custom_1634107265101{padding-right: 0px !important;padding-left: 0px !important;background-color: #f2f3f5 !important;}&#8220; offset=&#8220;vc_col-lg-offset-0 vc_col-lg-3\/5 vc_col-md-offset-0 vc_col-md-12 vc_col-sm-offset-0&#8243;]<div class=\"mkdf-elements-holder   mkdf-one-column  mkdf-responsive-mode-768 \" ><div class=\"mkdf-eh-item    \"  data-item-class=\"mkdf-eh-custom-6338\" data-1367-1600=\"92px 160px 130px 93px\" data-1025-1366=\"92px 125px 130px 126px\" data-769-1024=\"91px 136px 130px 137px\" data-681-768=\"91px 65px 130px 66px\" data-680=\"92px 28px 130px 28px\">\n\t<div class=\"mkdf-eh-item-inner\">\n\t\t<div class=\"mkdf-eh-item-content mkdf-eh-custom-6338\" style=\"padding: 120px 310px 222px 119px\">\n\t\t\t\n<div class=\"wpcf7 no-js\" id=\"wpcf7-f9282-o1\" lang=\"de-DE\" dir=\"ltr\" data-wpcf7-id=\"9282\">\n<div class=\"screen-reader-response\"><p role=\"status\" aria-live=\"polite\" aria-atomic=\"true\"><\/p> <ul><\/ul><\/div>\n<form action=\"\/de\/wp-json\/wp\/v2\/pages\/8758#wpcf7-f9282-o1\" method=\"post\" class=\"wpcf7-form init cf7_custom_style_1\" aria-label=\"Kontaktformular\" novalidate=\"novalidate\" data-status=\"init\">\n<div style=\"display: none;\">\n<input type=\"hidden\" name=\"_wpcf7\" value=\"9282\" \/>\n<input type=\"hidden\" name=\"_wpcf7_version\" value=\"6.0.6\" \/>\n<input type=\"hidden\" name=\"_wpcf7_locale\" value=\"de_DE\" \/>\n<input type=\"hidden\" name=\"_wpcf7_unit_tag\" value=\"wpcf7-f9282-o1\" \/>\n<input type=\"hidden\" name=\"_wpcf7_container_post\" value=\"0\" \/>\n<input type=\"hidden\" name=\"_wpcf7_posted_data_hash\" value=\"\" \/>\n<input type=\"hidden\" name=\"_wpcf7_recaptcha_response\" value=\"\" \/>\n<\/div>\n<div>\n\t<h6>Name <span class=\"mkdf-form-required-label\">*<\/span>\n\t<\/h6>\n\t<p><span class=\"wpcf7-form-control-wrap\" data-name=\"your-name\"><input size=\"40\" maxlength=\"400\" class=\"wpcf7-form-control wpcf7-text wpcf7-validates-as-required\" aria-required=\"true\" aria-invalid=\"false\" value=\"\" type=\"text\" name=\"your-name\" \/><\/span>\n\t<\/p>\n<\/div>\n<div>\n\t<h6>E-Mail-Addresse <span class=\"mkdf-form-required-label\">*<\/span>\n\t<\/h6>\n\t<p><span class=\"wpcf7-form-control-wrap\" data-name=\"your-email\"><input size=\"40\" maxlength=\"400\" class=\"wpcf7-form-control wpcf7-email wpcf7-validates-as-required wpcf7-text wpcf7-validates-as-email\" aria-required=\"true\" aria-invalid=\"false\" value=\"\" type=\"email\" name=\"your-email\" \/><\/span>\n\t<\/p>\n<\/div>\n<div>\n\t<h6>Wie k\u00f6nnen wir Ihnen helfen\n\t<\/h6>\n\t<p><span class=\"wpcf7-form-control-wrap\" data-name=\"your-message\"><textarea cols=\"40\" rows=\"10\" maxlength=\"2000\" class=\"wpcf7-form-control wpcf7-textarea\" aria-invalid=\"false\" name=\"your-message\"><\/textarea><\/span>\n\t<\/p>\n<\/div>\n<p><button class=\"wpcf7-form-control wpcf7-submit mkdf-btn mkdf-btn-medium mkdf-btn-solid\" type=\"submit\"><span class=\"mkdf-btn-text\">Schicken<\/span><\/button>\n<\/p><div class=\"wpcf7-response-output\" aria-hidden=\"true\"><\/div>\n<\/form>\n<\/div>\n\t\t<\/div>\n\t<\/div>\n<\/div><\/div>[\/vc_column][\/vc_row]<\/p>\n","protected":false},"excerpt":{"rendered":"<p>[vc_row content_placement=&#8220;middle&#8220; row_content_width=&#8220;grid&#8220; row_btt_skin=&#8220;light&#8220; row_background_text_position=&#8220;front&#8220; content_width=&#8220;grid&#8220; css=&#8220;.vc_custom_1634108421400{padding-top: 100px !important;padding-bottom: 120px !important;}&#8220;][vc_column width=&#8220;1\/2&#8243; offset=&#8220;vc_col-lg-offset-0 vc_col-lg-6 vc_col-md-offset-0 vc_col-md-8 vc_col-sm-offset-0&#8243;][vc_empty_space][vc_column_text]Ein ma\u00dfgeschneidertes Logistikangebot? Bei JET hat jeder Auftrag eine pers\u00f6nliche Geschichte. Wie k\u00f6nnen wir Ihnen am besten helfen? Welcher Service passt am besten zu [&hellip;]<\/p>\n","protected":false},"author":1,"featured_media":0,"parent":0,"menu_order":0,"comment_status":"closed","ping_status":"closed","template":"full-width.php","meta":{"footnotes":""},"class_list":["post-8758","page","type-page","status-publish","hentry"],"_links":{"self":[{"href":"https:\/\/www.jetlogistics.eu\/de\/wp-json\/wp\/v2\/pages\/8758","targetHints":{"allow":["GET"]}}],"collection":[{"href":"https:\/\/www.jetlogistics.eu\/de\/wp-json\/wp\/v2\/pages"}],"about":[{"href":"https:\/\/www.jetlogistics.eu\/de\/wp-json\/wp\/v2\/types\/page"}],"author":[{"embeddable":true,"href":"https:\/\/www.jetlogistics.eu\/de\/wp-json\/wp\/v2\/users\/1"}],"replies":[{"embeddable":true,"href":"https:\/\/www.jetlogistics.eu\/de\/wp-json\/wp\/v2\/comments?post=8758"}],"version-history":[{"count":5,"href":"https:\/\/www.jetlogistics.eu\/de\/wp-json\/wp\/v2\/pages\/8758\/revisions"}],"predecessor-version":[{"id":9336,"href":"https:\/\/www.jetlogistics.eu\/de\/wp-json\/wp\/v2\/pages\/8758\/revisions\/9336"}],"wp:attachment":[{"href":"https:\/\/www.jetlogistics.eu\/de\/wp-json\/wp\/v2\/media?parent=8758"}],"curies":[{"name":"wp","href":"https:\/\/api.w.org\/{rel}","templated":true}]}}