{"id":8814,"date":"2021-10-13T04:19:39","date_gmt":"2021-10-13T04:19:39","guid":{"rendered":"https:\/\/www.jetlogistics.eu\/jet-transport\/"},"modified":"2024-03-18T07:19:18","modified_gmt":"2024-03-18T07:19:18","slug":"jet-transport","status":"publish","type":"page","link":"https:\/\/www.jetlogistics.eu\/de\/jet-transport\/","title":{"rendered":"JET Transport"},"content":{"rendered":"<p>[vc_row row_content_width=&#8220;grid&#8220; row_btt_skin=&#8220;light&#8220; disable_background_image=&#8220;&#8220; row_background_text_position=&#8220;front&#8220; row_skin=&#8220;dark&#8220; css=&#8220;.vc_custom_1638268142093{padding-top: 125px !important;padding-bottom: 125px !important;}&#8220; simple_background_image=&#8220;7462&#8243;][vc_column]<div class=\"mkdf-section-title-holder  mkdf-st-standard mkdf-st-title-left mkdf-st-normal-space \" >\n\t<div class=\"mkdf-st-inner\">\n        \t\t\t\t\t<h2 class=\"mkdf-st-title\" style=\"color: #ffffff\">\n\t\t\t\tEntdecken Sie alles \u00fcber unsere Transportm\u00f6glichkeiten\t\t\t<\/h2>\n\t\t\t\t\t\t\t<h5 class=\"mkdf-st-text\" style=\"color: #ffffff\">\n\t\t\t\tMit JET Transport finden sowohl nationale als auch internationale Sendungen ihren Weg zu ihrem Bestimmungsort. Mit 150 Lkw sorgen wir t\u00e4glich f\u00fcr einen reibungslosen Transport in den Benelux- und Europa-L\u00e4ndern, mit einem sehr dichten Netzwerk innerhalb Deutschlands. Weitere Informationen zu Ihrem Wunschziel finden Sie hier:\t\t\t<\/h5>\n\t\t\t<\/div>\n<\/div>[vc_empty_space]<div class=\"mkdf-elements-holder   mkdf-three-columns  mkdf-responsive-mode-1024 \" ><div class=\"mkdf-eh-item    \"  data-item-class=\"mkdf-eh-custom-7329\" data-1367-1600=\"0 20px 0px 0\" data-1025-1366=\"0 20px 0px 0\" data-769-1024=\"0 0 0px 0\" data-681-768=\"0 0 0px 0\" data-680=\"0 0 0px 0\">\n\t<div class=\"mkdf-eh-item-inner\">\n\t\t<div class=\"mkdf-eh-item-content mkdf-eh-custom-7329\" style=\"padding: 0 20px 0px 0\">\n\t\t\t<div class=\"mkdf-iwt clearfix  mkdf-iwt-icon-top-centered mkdf-iwt-boxed mkdf-iwt-icon-medium\" >\n\t<div class=\"mkdf-iwt-icon\">\n\t\t\t\t\t<a itemprop=\"url\" href=\"\/de\/jet-transport\/benelux\" target=\"_self\">\n\t\t\t\t\t\t\t\t\t<img decoding=\"async\" width=\"92\" height=\"100\" src=\"https:\/\/www.jetlogistics.eu\/wp-content\/uploads\/2021\/10\/benelux.png\" class=\"attachment-full size-full\" alt=\"\" \/>                \t\t\t\t\t<\/a>\n\t\t\t<\/div>\n\t<div class=\"mkdf-iwt-content\" style=\"padding-top: 17px\">\n                    <p class=\"mkdf-iwt-caption\" >TRANSPORT<\/p>\n        \t\t\t\t\t<h4 class=\"mkdf-iwt-title\" style=\"margin-top: -4px\">\n\t\t\t\t\t\t\t\t\t<a itemprop=\"url\" href=\"\/de\/jet-transport\/benelux\" target=\"_self\">\n\t\t\t\t\t\t\t\t<span class=\"mkdf-iwt-title-text\">BENELUX<\/span>\n\t\t\t\t\t\t\t\t\t<\/a>\n\t\t\t\t\t\t\t<\/h4>\n\t\t\t\t\t<\/div>\n<\/div>\t\t<\/div>\n\t<\/div>\n<\/div><div class=\"mkdf-eh-item    \"  data-item-class=\"mkdf-eh-custom-4184\" data-1367-1600=\"0 11px 0px 11px\" data-1025-1366=\"0 11px 0px 11px\" data-769-1024=\"32px 0 32px 0\" data-681-768=\"32px 0 32px 0\" data-680=\"32px 0 32px 0\">\n\t<div class=\"mkdf-eh-item-inner\">\n\t\t<div class=\"mkdf-eh-item-content mkdf-eh-custom-4184\" style=\"padding: 0 11px 0px 11px\">\n\t\t\t<div class=\"mkdf-iwt clearfix  mkdf-iwt-icon-top-centered mkdf-iwt-boxed mkdf-iwt-icon-medium\" >\n\t<div class=\"mkdf-iwt-icon\">\n\t\t\t\t\t<a itemprop=\"url\" href=\"\/de\/jet-transport\/deutschland\" target=\"_self\">\n\t\t\t\t\t\t\t\t\t<img decoding=\"async\" width=\"96\" height=\"100\" src=\"https:\/\/www.jetlogistics.eu\/wp-content\/uploads\/2021\/10\/duitsland.png\" class=\"attachment-full size-full\" alt=\"\" \/>                \t\t\t\t\t<\/a>\n\t\t\t<\/div>\n\t<div class=\"mkdf-iwt-content\" style=\"padding-top: 17px\">\n                    <p class=\"mkdf-iwt-caption\" >TRANSPORT<\/p>\n        \t\t\t\t\t<h4 class=\"mkdf-iwt-title\" style=\"margin-top: -4px\">\n\t\t\t\t\t\t\t\t\t<a itemprop=\"url\" href=\"\/de\/jet-transport\/deutschland\" target=\"_self\">\n\t\t\t\t\t\t\t\t<span class=\"mkdf-iwt-title-text\">DEUTSCHLAND<\/span>\n\t\t\t\t\t\t\t\t\t<\/a>\n\t\t\t\t\t\t\t<\/h4>\n\t\t\t\t\t<\/div>\n<\/div>\t\t<\/div>\n\t<\/div>\n<\/div><div class=\"mkdf-eh-item    \"  data-item-class=\"mkdf-eh-custom-5050\" data-1367-1600=\"0 0px 0px 20px\" data-1025-1366=\"0 0px 0px 19px\" data-769-1024=\"0 0 0px 0\" data-681-768=\"0 0 0px 0\" data-680=\"0 0 0px 0\">\n\t<div class=\"mkdf-eh-item-inner\">\n\t\t<div class=\"mkdf-eh-item-content mkdf-eh-custom-5050\" style=\"padding: 0 0px 0px 19px\">\n\t\t\t<div class=\"mkdf-iwt clearfix  mkdf-iwt-icon-top-centered mkdf-iwt-boxed mkdf-iwt-icon-medium\" >\n\t<div class=\"mkdf-iwt-icon\">\n\t\t\t\t\t<a itemprop=\"url\" href=\"\/de\/jet-transport\/-europa\" target=\"_self\">\n\t\t\t\t\t\t\t\t\t<img decoding=\"async\" width=\"115\" height=\"100\" src=\"https:\/\/www.jetlogistics.eu\/wp-content\/uploads\/2021\/10\/europa.png\" class=\"attachment-full size-full\" alt=\"\" \/>                \t\t\t\t\t<\/a>\n\t\t\t<\/div>\n\t<div class=\"mkdf-iwt-content\" style=\"padding-top: 17px\">\n                    <p class=\"mkdf-iwt-caption\" >TRANSPORT<\/p>\n        \t\t\t\t\t<h4 class=\"mkdf-iwt-title\" style=\"margin-top: -4px\">\n\t\t\t\t\t\t\t\t\t<a itemprop=\"url\" href=\"\/de\/jet-transport\/-europa\" target=\"_self\">\n\t\t\t\t\t\t\t\t<span class=\"mkdf-iwt-title-text\">EUROPA<\/span>\n\t\t\t\t\t\t\t\t\t<\/a>\n\t\t\t\t\t\t\t<\/h4>\n\t\t\t\t\t<\/div>\n<\/div>\t\t<\/div>\n\t<\/div>\n<\/div><\/div>[vc_empty_space height=&#8220;50px&#8220;]<a itemprop=\"url\" href=\"\/dieseltoeslag\" target=\"_self\"  class=\"mkdf-btn mkdf-btn-medium mkdf-btn-solid\"  >\n    <span class=\"mkdf-btn-text\">Dieselzuschlag<\/span>\n    <\/a>[\/vc_column][\/vc_row][vc_row row_content_width=&#8220;grid&#8220; row_btt_skin=&#8220;light&#8220; row_background_text_position=&#8220;front&#8220; css=&#8220;.vc_custom_1634107505780{padding-top: 100px !important;}&#8220;][vc_column offset=&#8220;vc_col-lg-offset-3 vc_col-lg-6 vc_col-md-offset-2 vc_col-md-8&#8243;][vc_column_text]<\/p>\n<h3 style=\"text-align: center;\">Suchen Sie nach einem geeigneten Transportmittel f\u00fcr Ihre Ware?<\/h3>\n<p style=\"text-align: center;\">JET Transport bietet mehrere Connect-and-Protect-Transportdienste f\u00fcr gro\u00dfe und kleine Unternehmen an. Sehen Sie hier, welche Transportart am besten zu Ihrem Versandgut passt.<\/p>\n<p>[\/vc_column_text][\/vc_column][\/vc_row][vc_row row_content_width=&#8220;grid&#8220; row_btt_skin=&#8220;light&#8220; row_background_text_position=&#8220;front&#8220; row_skin=&#8220;dark&#8220; css=&#8220;.vc_custom_1639639876385{padding-top: 100px !important;}&#8220;][vc_column width=&#8220;1\/6&#8243; offset=&#8220;vc_col-lg-offset-0 vc_col-lg-2 vc_col-md-offset-0 vc_col-md-6 vc_col-sm-offset-0&#8243;]<div class=\"mkdf-iwt clearfix  mkdf-iwt-icon-top-centered  mkdf-iwt-icon-medium\" >\n\t<div class=\"mkdf-iwt-icon\">\n\t\t\t\t\t<a itemprop=\"url\" href=\"\/de\/jet-transport\/adr-transport\" target=\"_self\">\n\t\t\t\t\t\t\t\t\t<img loading=\"lazy\" decoding=\"async\" width=\"76\" height=\"76\" src=\"https:\/\/www.jetlogistics.eu\/wp-content\/uploads\/2021\/11\/adr.png\" class=\"attachment-full size-full\" alt=\"\" \/>                \t\t\t\t\t<\/a>\n\t\t\t<\/div>\n\t<div class=\"mkdf-iwt-content\" style=\"padding-top: px\">\n        \t\t\t\t\t<h4 class=\"mkdf-iwt-title\" style=\"margin-top: -5px\">\n\t\t\t\t\t\t\t\t\t<a itemprop=\"url\" href=\"\/de\/jet-transport\/adr-transport\" target=\"_self\">\n\t\t\t\t\t\t\t\t<span class=\"mkdf-iwt-title-text\">ADR<\/span>\n\t\t\t\t\t\t\t\t\t<\/a>\n\t\t\t\t\t\t\t<\/h4>\n\t\t\t\t\t<\/div>\n<\/div>[vc_empty_space height=&#8220;50&#8243;][\/vc_column][vc_column width=&#8220;1\/6&#8243; offset=&#8220;vc_col-lg-offset-0 vc_col-lg-2 vc_col-md-offset-0 vc_col-md-6 vc_col-sm-offset-0&#8243;]<div class=\"mkdf-iwt clearfix  mkdf-iwt-icon-top-centered  mkdf-iwt-icon-medium\" >\n\t<div class=\"mkdf-iwt-icon\">\n\t\t\t\t\t<a itemprop=\"url\" href=\"\/de\/jet-transport\/thermo-transport\" target=\"_self\">\n\t\t\t\t\t\t\t\t\t<img loading=\"lazy\" decoding=\"async\" width=\"74\" height=\"76\" src=\"https:\/\/www.jetlogistics.eu\/wp-content\/uploads\/2021\/11\/koeling.png\" class=\"attachment-full size-full\" alt=\"\" \/>                \t\t\t\t\t<\/a>\n\t\t\t<\/div>\n\t<div class=\"mkdf-iwt-content\" style=\"padding-top: px\">\n        \t\t\t\t\t<h4 class=\"mkdf-iwt-title\" style=\"margin-top: -5px\">\n\t\t\t\t\t\t\t\t\t<a itemprop=\"url\" href=\"\/de\/jet-transport\/thermo-transport\" target=\"_self\">\n\t\t\t\t\t\t\t\t<span class=\"mkdf-iwt-title-text\">Thermo<\/span>\n\t\t\t\t\t\t\t\t\t<\/a>\n\t\t\t\t\t\t\t<\/h4>\n\t\t\t\t\t<\/div>\n<\/div>[vc_empty_space height=&#8220;50&#8243;][\/vc_column][vc_column width=&#8220;1\/6&#8243; offset=&#8220;vc_col-lg-offset-0 vc_col-lg-2 vc_col-md-offset-0 vc_col-md-6 vc_col-sm-offset-0&#8243;]<div class=\"mkdf-iwt clearfix  mkdf-iwt-icon-top-centered  mkdf-iwt-icon-medium\" >\n\t<div class=\"mkdf-iwt-icon\">\n\t\t\t\t\t<a itemprop=\"url\" href=\"\/de\/jet-transport\/track-trace\" target=\"_self\">\n\t\t\t\t\t\t\t\t\t<img loading=\"lazy\" decoding=\"async\" width=\"75\" height=\"75\" src=\"https:\/\/www.jetlogistics.eu\/wp-content\/uploads\/2021\/10\/trace.png\" class=\"attachment-full size-full\" alt=\"\" \/>                \t\t\t\t\t<\/a>\n\t\t\t<\/div>\n\t<div class=\"mkdf-iwt-content\" style=\"padding-top: px\">\n        \t\t\t\t\t<h4 class=\"mkdf-iwt-title\" style=\"margin-top: -5px\">\n\t\t\t\t\t\t\t\t\t<a itemprop=\"url\" href=\"\/de\/jet-transport\/track-trace\" target=\"_self\">\n\t\t\t\t\t\t\t\t<span class=\"mkdf-iwt-title-text\">Track &amp; Trace<\/span>\n\t\t\t\t\t\t\t\t\t<\/a>\n\t\t\t\t\t\t\t<\/h4>\n\t\t\t\t\t<\/div>\n<\/div>[vc_empty_space height=&#8220;50&#8243;][\/vc_column][vc_column width=&#8220;1\/6&#8243; offset=&#8220;vc_col-lg-offset-0 vc_col-lg-2 vc_col-md-offset-0 vc_col-md-6 vc_col-sm-offset-0&#8243;]<div class=\"mkdf-iwt clearfix  mkdf-iwt-icon-top-centered  mkdf-iwt-icon-medium\" >\n\t<div class=\"mkdf-iwt-icon\">\n\t\t\t\t\t<a itemprop=\"url\" href=\"\/de\/jet-transport\/mega-trailer\" target=\"_self\">\n\t\t\t\t\t\t\t\t\t<img loading=\"lazy\" decoding=\"async\" width=\"90\" height=\"75\" src=\"https:\/\/www.jetlogistics.eu\/wp-content\/uploads\/2021\/10\/megatruck.png\" class=\"attachment-full size-full\" alt=\"\" \/>                \t\t\t\t\t<\/a>\n\t\t\t<\/div>\n\t<div class=\"mkdf-iwt-content\" style=\"padding-top: px\">\n        \t\t\t\t\t<h4 class=\"mkdf-iwt-title\" style=\"margin-top: -5px\">\n\t\t\t\t\t\t\t\t\t<a itemprop=\"url\" href=\"\/de\/jet-transport\/mega-trailer\" target=\"_self\">\n\t\t\t\t\t\t\t\t<span class=\"mkdf-iwt-title-text\">Mega-trailer<\/span>\n\t\t\t\t\t\t\t\t\t<\/a>\n\t\t\t\t\t\t\t<\/h4>\n\t\t\t\t\t<\/div>\n<\/div>[vc_empty_space height=&#8220;50&#8243;][\/vc_column][vc_column width=&#8220;1\/6&#8243; offset=&#8220;vc_col-lg-2 vc_col-md-6&#8243;]<div class=\"mkdf-iwt clearfix  mkdf-iwt-icon-top-centered  mkdf-iwt-icon-medium\" >\n\t<div class=\"mkdf-iwt-icon\">\n\t\t\t\t\t<a itemprop=\"url\" href=\"\/de\/jet-transport\/mitnehmstapler\" target=\"_self\">\n\t\t\t\t\t\t\t\t\t<img loading=\"lazy\" decoding=\"async\" width=\"100\" height=\"75\" src=\"https:\/\/www.jetlogistics.eu\/wp-content\/uploads\/2021\/11\/heftruck.png\" class=\"attachment-full size-full\" alt=\"\" \/>                \t\t\t\t\t<\/a>\n\t\t\t<\/div>\n\t<div class=\"mkdf-iwt-content\" style=\"padding-top: px\">\n        \t\t\t\t\t<h4 class=\"mkdf-iwt-title\" style=\"margin-top: -5px\">\n\t\t\t\t\t\t\t\t\t<a itemprop=\"url\" href=\"\/de\/jet-transport\/mitnehmstapler\" target=\"_self\">\n\t\t\t\t\t\t\t\t<span class=\"mkdf-iwt-title-text\">Mitnehmstapler<\/span>\n\t\t\t\t\t\t\t\t\t<\/a>\n\t\t\t\t\t\t\t<\/h4>\n\t\t\t\t\t<\/div>\n<\/div>[vc_empty_space height=&#8220;50&#8243;][\/vc_column][vc_column width=&#8220;1\/6&#8243; offset=&#8220;vc_col-lg-2 vc_col-md-6&#8243;]<div class=\"mkdf-iwt clearfix  mkdf-iwt-icon-top-centered  mkdf-iwt-icon-medium\" >\n\t<div class=\"mkdf-iwt-icon\">\n\t\t\t\t\t<a itemprop=\"url\" href=\"\/de\/jet-transport\/ladebordwand\" target=\"_self\">\n\t\t\t\t\t\t\t\t\t<img loading=\"lazy\" decoding=\"async\" width=\"117\" height=\"75\" src=\"https:\/\/www.jetlogistics.eu\/wp-content\/uploads\/2021\/11\/laadklep.png\" class=\"attachment-full size-full\" alt=\"\" \/>                \t\t\t\t\t<\/a>\n\t\t\t<\/div>\n\t<div class=\"mkdf-iwt-content\" style=\"padding-top: px\">\n        \t\t\t\t\t<h4 class=\"mkdf-iwt-title\" style=\"margin-top: -5px\">\n\t\t\t\t\t\t\t\t\t<a itemprop=\"url\" href=\"\/de\/jet-transport\/ladebordwand\" target=\"_self\">\n\t\t\t\t\t\t\t\t<span class=\"mkdf-iwt-title-text\">Ladebordwand<\/span>\n\t\t\t\t\t\t\t\t\t<\/a>\n\t\t\t\t\t\t\t<\/h4>\n\t\t\t\t\t<\/div>\n<\/div>[vc_empty_space height=&#8220;50&#8243;][\/vc_column][\/vc_row][vc_row row_content_width=&#8220;grid&#8220; row_btt_skin=&#8220;light&#8220; row_background_text_position=&#8220;front&#8220; row_skin=&#8220;dark&#8220; css=&#8220;.vc_custom_1639639881273{padding-bottom: 70px !important;}&#8220;][vc_column width=&#8220;1\/6&#8243; offset=&#8220;vc_col-lg-offset-3 vc_col-lg-2 vc_col-md-6 vc_col-sm-offset-0&#8243;]<div class=\"mkdf-iwt clearfix  mkdf-iwt-icon-top-centered  mkdf-iwt-icon-medium\" >\n\t<div class=\"mkdf-iwt-icon\">\n\t\t\t\t\t<a itemprop=\"url\" href=\"\/de\/jet-transport\/dedizierter-transport\" target=\"_self\">\n\t\t\t\t\t\t\t\t\t<img loading=\"lazy\" decoding=\"async\" width=\"76\" height=\"75\" src=\"https:\/\/www.jetlogistics.eu\/wp-content\/uploads\/2021\/12\/dedicated.png\" class=\"attachment-full size-full\" alt=\"\" \/>                \t\t\t\t\t<\/a>\n\t\t\t<\/div>\n\t<div class=\"mkdf-iwt-content\" style=\"padding-top: px\">\n        \t\t\t\t\t<h4 class=\"mkdf-iwt-title\" style=\"margin-top: -5px\">\n\t\t\t\t\t\t\t\t\t<a itemprop=\"url\" href=\"\/de\/jet-transport\/dedizierter-transport\" target=\"_self\">\n\t\t\t\t\t\t\t\t<span class=\"mkdf-iwt-title-text\">Dedizierter Transport<\/span>\n\t\t\t\t\t\t\t\t\t<\/a>\n\t\t\t\t\t\t\t<\/h4>\n\t\t\t\t\t<\/div>\n<\/div>[vc_empty_space height=&#8220;50&#8243;][\/vc_column][vc_column width=&#8220;1\/6&#8243; offset=&#8220;vc_col-lg-offset-0 vc_col-lg-2 vc_col-md-offset-0 vc_col-md-6 vc_col-sm-offset-0&#8243;]<div class=\"mkdf-iwt clearfix  mkdf-iwt-icon-top-centered  mkdf-iwt-icon-medium\" >\n\t<div class=\"mkdf-iwt-icon\">\n\t\t\t\t\t<a itemprop=\"url\" href=\"\/de\/jet-transport\/express-transport\" target=\"_self\">\n\t\t\t\t\t\t\t\t\t<img loading=\"lazy\" decoding=\"async\" width=\"109\" height=\"75\" src=\"https:\/\/www.jetlogistics.eu\/wp-content\/uploads\/2021\/12\/jet-transport-express.png\" class=\"attachment-full size-full\" alt=\"\" \/>                \t\t\t\t\t<\/a>\n\t\t\t<\/div>\n\t<div class=\"mkdf-iwt-content\" style=\"padding-top: px\">\n        \t\t\t\t\t<h4 class=\"mkdf-iwt-title\" style=\"margin-top: -5px\">\n\t\t\t\t\t\t\t\t\t<a itemprop=\"url\" href=\"\/de\/jet-transport\/express-transport\" target=\"_self\">\n\t\t\t\t\t\t\t\t<span class=\"mkdf-iwt-title-text\">Express Transport<\/span>\n\t\t\t\t\t\t\t\t\t<\/a>\n\t\t\t\t\t\t\t<\/h4>\n\t\t\t\t\t<\/div>\n<\/div>[vc_empty_space height=&#8220;50&#8243;][\/vc_column][vc_column width=&#8220;1\/6&#8243; offset=&#8220;vc_col-lg-offset-0 vc_col-lg-2 vc_col-md-offset-0 vc_col-md-6 vc_col-sm-offset-0&#8243;]<div class=\"mkdf-iwt clearfix  mkdf-iwt-icon-top-centered  mkdf-iwt-icon-medium\" >\n\t<div class=\"mkdf-iwt-icon\">\n\t\t\t\t\t<a itemprop=\"url\" href=\"\/de\/jet-transport\/hochsicherheits-transport\" target=\"_self\">\n\t\t\t\t\t\t\t\t\t<img loading=\"lazy\" decoding=\"async\" width=\"91\" height=\"76\" src=\"https:\/\/www.jetlogistics.eu\/wp-content\/uploads\/2021\/12\/jet-transport-security.png\" class=\"attachment-full size-full\" alt=\"\" \/>                \t\t\t\t\t<\/a>\n\t\t\t<\/div>\n\t<div class=\"mkdf-iwt-content\" style=\"padding-top: px\">\n        \t\t\t\t\t<h4 class=\"mkdf-iwt-title\" style=\"margin-top: -5px\">\n\t\t\t\t\t\t\t\t\t<a itemprop=\"url\" href=\"\/de\/jet-transport\/hochsicherheits-transport\" target=\"_self\">\n\t\t\t\t\t\t\t\t<span class=\"mkdf-iwt-title-text\">Hochsicherheits Transport<\/span>\n\t\t\t\t\t\t\t\t\t<\/a>\n\t\t\t\t\t\t\t<\/h4>\n\t\t\t\t\t<\/div>\n<\/div>[vc_empty_space height=&#8220;50&#8243;][\/vc_column][\/vc_row][vc_row equal_height=&#8220;yes&#8220; row_btt_skin=&#8220;light&#8220; row_background_text_position=&#8220;front&#8220; row_skin=&#8220;light&#8220; css=&#8220;.vc_custom_1634107252800{margin-right: 0px !important;margin-left: 0px !important;}&#8220;][vc_column css=&#8220;.vc_custom_1634107301846{padding-right: 0px !important;padding-left: 0px !important;background-color: #565969 !important;}&#8220; offset=&#8220;vc_col-lg-offset-0 vc_col-lg-2\/5 vc_col-md-offset-0 vc_col-md-12 vc_col-sm-offset-0&#8243;]<div class=\"mkdf-elements-holder   mkdf-one-column  mkdf-responsive-mode-768 \" ><div class=\"mkdf-eh-item    \"  data-item-class=\"mkdf-eh-custom-2930\" data-1367-1600=\"120px 66px 222px 120px\" data-1025-1366=\"120px 66px 222px 120px\" data-769-1024=\"121px 136px 128px 136px\" data-681-768=\"121px 64px 128px 64px\" data-680=\"121px 28px 128px 28px\">\n\t<div class=\"mkdf-eh-item-inner\">\n\t\t<div class=\"mkdf-eh-item-content mkdf-eh-custom-2930\" style=\"padding: 120px 66px 222px 120px\">\n\t\t\t<div class=\"mkdf-section-title-holder  mkdf-st-standard mkdf-st-title-left mkdf-st-normal-space \" >\n\t<div class=\"mkdf-st-inner\">\n        \t\t\t\t\t<h3 class=\"mkdf-st-title\" style=\"color: #ffffff\">\n\t\t\t\tWeitere Informationen zum Transport in ein bestimmtes Land oder an einen bestimmten Bestimmungsort?\t\t\t<\/h3>\n\t\t\t\t\t\t\t<p class=\"mkdf-st-text\" style=\"color: #ffffff\">\n\t\t\t\tWir helfen Ihnen gerne weiter und schauen uns gemeinsam die M\u00f6glichkeiten an. F\u00fcllen Sie das untenstehende Kontaktformular aus und wir werden uns so schnell wie m\u00f6glich mit Ihnen in Verbindung setzen.\t\t\t<\/p>\n\t\t\t<\/div>\n<\/div>\t\t<\/div>\n\t<\/div>\n<\/div><\/div>[\/vc_column][vc_column css=&#8220;.vc_custom_1634107265101{padding-right: 0px !important;padding-left: 0px !important;background-color: #f2f3f5 !important;}&#8220; offset=&#8220;vc_col-lg-offset-0 vc_col-lg-3\/5 vc_col-md-offset-0 vc_col-md-12 vc_col-sm-offset-0&#8243;]<div class=\"mkdf-elements-holder   mkdf-one-column  mkdf-responsive-mode-768 \" ><div class=\"mkdf-eh-item    \"  data-item-class=\"mkdf-eh-custom-5410\" data-1367-1600=\"92px 160px 130px 93px\" data-1025-1366=\"92px 125px 130px 126px\" data-769-1024=\"91px 136px 130px 137px\" data-681-768=\"91px 65px 130px 66px\" data-680=\"92px 28px 130px 28px\">\n\t<div class=\"mkdf-eh-item-inner\">\n\t\t<div class=\"mkdf-eh-item-content mkdf-eh-custom-5410\" style=\"padding: 120px 310px 222px 119px\">\n\t\t\t\n<div class=\"wpcf7 no-js\" id=\"wpcf7-f9282-o1\" lang=\"de-DE\" dir=\"ltr\" data-wpcf7-id=\"9282\">\n<div class=\"screen-reader-response\"><p role=\"status\" aria-live=\"polite\" aria-atomic=\"true\"><\/p> <ul><\/ul><\/div>\n<form action=\"\/de\/wp-json\/wp\/v2\/pages\/8814#wpcf7-f9282-o1\" method=\"post\" class=\"wpcf7-form init cf7_custom_style_1\" aria-label=\"Kontaktformular\" novalidate=\"novalidate\" data-status=\"init\">\n<div style=\"display: none;\">\n<input type=\"hidden\" name=\"_wpcf7\" value=\"9282\" \/>\n<input type=\"hidden\" name=\"_wpcf7_version\" value=\"6.0.6\" \/>\n<input type=\"hidden\" name=\"_wpcf7_locale\" value=\"de_DE\" \/>\n<input type=\"hidden\" name=\"_wpcf7_unit_tag\" value=\"wpcf7-f9282-o1\" \/>\n<input type=\"hidden\" name=\"_wpcf7_container_post\" value=\"0\" \/>\n<input type=\"hidden\" name=\"_wpcf7_posted_data_hash\" value=\"\" \/>\n<input type=\"hidden\" name=\"_wpcf7_recaptcha_response\" value=\"\" \/>\n<\/div>\n<div>\n\t<h6>Name <span class=\"mkdf-form-required-label\">*<\/span>\n\t<\/h6>\n\t<p><span class=\"wpcf7-form-control-wrap\" data-name=\"your-name\"><input size=\"40\" maxlength=\"400\" class=\"wpcf7-form-control wpcf7-text wpcf7-validates-as-required\" aria-required=\"true\" aria-invalid=\"false\" value=\"\" type=\"text\" name=\"your-name\" \/><\/span>\n\t<\/p>\n<\/div>\n<div>\n\t<h6>E-Mail-Addresse <span class=\"mkdf-form-required-label\">*<\/span>\n\t<\/h6>\n\t<p><span class=\"wpcf7-form-control-wrap\" data-name=\"your-email\"><input size=\"40\" maxlength=\"400\" class=\"wpcf7-form-control wpcf7-email wpcf7-validates-as-required wpcf7-text wpcf7-validates-as-email\" aria-required=\"true\" aria-invalid=\"false\" value=\"\" type=\"email\" name=\"your-email\" \/><\/span>\n\t<\/p>\n<\/div>\n<div>\n\t<h6>Wie k\u00f6nnen wir Ihnen helfen\n\t<\/h6>\n\t<p><span class=\"wpcf7-form-control-wrap\" data-name=\"your-message\"><textarea cols=\"40\" rows=\"10\" maxlength=\"2000\" class=\"wpcf7-form-control wpcf7-textarea\" aria-invalid=\"false\" name=\"your-message\"><\/textarea><\/span>\n\t<\/p>\n<\/div>\n<p><button class=\"wpcf7-form-control wpcf7-submit mkdf-btn mkdf-btn-medium mkdf-btn-solid\" type=\"submit\"><span class=\"mkdf-btn-text\">Schicken<\/span><\/button>\n<\/p><div class=\"wpcf7-response-output\" aria-hidden=\"true\"><\/div>\n<\/form>\n<\/div>\n\t\t<\/div>\n\t<\/div>\n<\/div><\/div>[\/vc_column][\/vc_row]<\/p>\n","protected":false},"excerpt":{"rendered":"<p>[vc_row row_content_width=&#8220;grid&#8220; row_btt_skin=&#8220;light&#8220; disable_background_image=&#8220;&#8220; row_background_text_position=&#8220;front&#8220; row_skin=&#8220;dark&#8220; css=&#8220;.vc_custom_1638268142093{padding-top: 125px !important;padding-bottom: 125px !important;}&#8220; simple_background_image=&#8220;7462&#8243;][vc_column][vc_empty_space][vc_empty_space height=&#8220;50px&#8220;][\/vc_column][\/vc_row][vc_row row_content_width=&#8220;grid&#8220; row_btt_skin=&#8220;light&#8220; row_background_text_position=&#8220;front&#8220; css=&#8220;.vc_custom_1634107505780{padding-top: 100px !important;}&#8220;][vc_column offset=&#8220;vc_col-lg-offset-3 vc_col-lg-6 vc_col-md-offset-2 vc_col-md-8&#8243;][vc_column_text] Suchen Sie nach einem geeigneten Transportmittel f\u00fcr Ihre Ware? JET Transport bietet mehrere Connect-and-Protect-Transportdienste f\u00fcr gro\u00dfe und [&hellip;]<\/p>\n","protected":false},"author":1,"featured_media":0,"parent":0,"menu_order":0,"comment_status":"closed","ping_status":"closed","template":"full-width.php","meta":{"footnotes":""},"class_list":["post-8814","page","type-page","status-publish","hentry"],"_links":{"self":[{"href":"https:\/\/www.jetlogistics.eu\/de\/wp-json\/wp\/v2\/pages\/8814","targetHints":{"allow":["GET"]}}],"collection":[{"href":"https:\/\/www.jetlogistics.eu\/de\/wp-json\/wp\/v2\/pages"}],"about":[{"href":"https:\/\/www.jetlogistics.eu\/de\/wp-json\/wp\/v2\/types\/page"}],"author":[{"embeddable":true,"href":"https:\/\/www.jetlogistics.eu\/de\/wp-json\/wp\/v2\/users\/1"}],"replies":[{"embeddable":true,"href":"https:\/\/www.jetlogistics.eu\/de\/wp-json\/wp\/v2\/comments?post=8814"}],"version-history":[{"count":7,"href":"https:\/\/www.jetlogistics.eu\/de\/wp-json\/wp\/v2\/pages\/8814\/revisions"}],"predecessor-version":[{"id":21414,"href":"https:\/\/www.jetlogistics.eu\/de\/wp-json\/wp\/v2\/pages\/8814\/revisions\/21414"}],"wp:attachment":[{"href":"https:\/\/www.jetlogistics.eu\/de\/wp-json\/wp\/v2\/media?parent=8814"}],"curies":[{"name":"wp","href":"https:\/\/api.w.org\/{rel}","templated":true}]}}