{"id":8840,"date":"2021-10-13T12:57:29","date_gmt":"2021-10-13T12:57:29","guid":{"rendered":"https:\/\/www.jetlogistics.eu\/jet-engineering\/"},"modified":"2022-03-07T06:03:01","modified_gmt":"2022-03-07T06:03:01","slug":"jet-engineering","status":"publish","type":"page","link":"https:\/\/www.jetlogistics.eu\/de\/jet-engineering\/","title":{"rendered":"JET Engineering"},"content":{"rendered":"<p>[vc_row content_placement=&#8220;middle&#8220; row_content_width=&#8220;grid&#8220; row_btt_skin=&#8220;light&#8220; disable_background_image=&#8220;&#8220; row_background_text_position=&#8220;front&#8220; content_width=&#8220;grid&#8220; css=&#8220;.vc_custom_1634130226441{padding-top: 100px !important;padding-bottom: 120px !important;}&#8220; simple_background_image=&#8220;7125&#8243;][vc_column offset=&#8220;vc_col-md-offset-0 vc_col-sm-offset-0&#8243;]<div class=\"mkdf-section-title-holder  mkdf-st-standard mkdf-st-title-left mkdf-st-normal-space \" style=\"text-align: left\">\n\t<div class=\"mkdf-st-inner\">\n        \t\t\t\t\t<h3 class=\"mkdf-st-title\" >\n\t\t\t\tIhr Logistikpartner\t\t\t<\/h3>\n\t\t\t\t\t<\/div>\n<\/div>[vc_column_text]Gemeinsam die Prozesse abbilden, um sie anschlie\u00dfend zu verbessern und zu optimieren. Logistik entlasten, von A-Z. Das tun wir bei JET Engineering. Zeit sparen. Energie sparen. Geld sparen. Darum geht&#8217;s.<\/p>\n<p>Warum sich mit \u201egut\u201c zufrieden geben, wenn \u201ebesser\u201c auch m\u00f6glich ist? Gemeinsam suchen wir nach logistischen Gesamtl\u00f6sungen, die Ihre internen Gesch\u00e4ftsprozesse beschleunigen. Unsere Berater bieten L\u00f6sungen und Empfehlungen, die auf Ihren Logistikprozess zugeschnitten sind. Kostensparend. Finanzielle Flexibilit\u00e4t. Transparente Prozesse. Daf\u00fcr setzen wir uns ein![\/vc_column_text][vc_empty_space height=&#8220;64px&#8220;]<div class=\"mkdf-section-title-holder  mkdf-st-standard mkdf-st-title-left mkdf-st-normal-space \" style=\"text-align: left\">\n\t<div class=\"mkdf-st-inner\">\n        \t\t\t\t\t<h3 class=\"mkdf-st-title\" >\n\t\t\t\tWarum eine Partnerschaft mit JET Engineering?\t\t\t<\/h3>\n\t\t\t\t\t<\/div>\n<\/div>[vc_column_text]Wir legen Wert auf Zusammenarbeit. Zusammen arbeiten: an besseren Warenfl\u00fcssen, internen Logistikprozessen und einer optimal funktionierenden Lieferkette. Warum? Weil Sie ein Unternehmen haben, das wachsen und\/oder sich verbessern m\u00f6chte, und wir \u00fcber das notwendige Wissen und die Erfahrung verf\u00fcgen, um dies zu erreichen. Professionelle Analysen, Audits vor Ort, Engineering und eine gesunde Portion Kreativit\u00e4t. Das wenden wir an, um Ihr Unternehmen auf ein noch h\u00f6heres Logistikniveau zu bringen.<\/p>\n<p>Wir kombinieren Ihre Vision und unser Know-how in einem Glas, gut sch\u00fctteln, et voil\u00e0: eine schl\u00fcsselfertige Logistik-Gesamtl\u00f6sung f\u00fcr Ihr Unternehmen, von der Sie vielleicht nicht einmal wussten, dass Sie sie brauchen![\/vc_column_text][\/vc_column][\/vc_row][vc_row equal_height=&#8220;yes&#8220; row_content_width=&#8220;grid&#8220; row_btt_skin=&#8220;light&#8220; row_background_text_position=&#8220;front&#8220; content_width=&#8220;grid&#8220; css=&#8220;.vc_custom_1634131115418{padding-top: 100px !important;padding-bottom: 120px !important;}&#8220;][vc_column width=&#8220;1\/3&#8243; offset=&#8220;vc_col-md-offset-0 vc_col-sm-offset-0&#8243;]<div class=\"mkdf-section-title-holder  mkdf-st-standard mkdf-st-title-left mkdf-st-normal-space \" >\n\t<div class=\"mkdf-st-inner\">\n        \t\t\t\t\t<h2 class=\"mkdf-st-title\" style=\"color: #e22221\">\n\t\t\t\tOUR WAY OF WORKING\t\t\t<\/h2>\n\t\t\t\t\t\t\t<h5 class=\"mkdf-st-text\" >\n\t\t\t\tWie machen wir das konkret? Abh\u00e4ngig von Ihren Unternehmens- und Logistikanforderungen entwickeln unsere Berater ein ma\u00dfgeschneidertes Programm, das sich haupts\u00e4chlich auf eine oder mehrere der folgenden Komponenten konzentriert:\t\t\t<\/h5>\n\t\t\t<\/div>\n<\/div>[\/vc_column][vc_column width=&#8220;2\/3&#8243; offset=&#8220;vc_col-lg-offset-1 vc_col-lg-7&#8243;][vc_empty_space]<div class=\"mkdf-icon-list-holder \" >\n\t<div class=\"mkdf-il-icon-holder\">\n\t\t<i class=\"mkdf-icon-font-awesome fa fa-angle-right \" style=\"color: #e22221\"><\/i>\t<\/div>\n\t<p class=\"mkdf-il-text\" style=\"font-size: 20px\">Risk management<\/p>\n<\/div><div class=\"mkdf-icon-list-holder \" >\n\t<div class=\"mkdf-il-icon-holder\">\n\t\t<i class=\"mkdf-icon-font-awesome fa fa-angle-right \" style=\"color: #e22221\"><\/i>\t<\/div>\n\t<p class=\"mkdf-il-text\" style=\"font-size: 20px\">Verbesserung interner Logistikprozesse wie Lagerhaltung und Auftragsabwicklung<\/p>\n<\/div><div class=\"mkdf-icon-list-holder \" >\n\t<div class=\"mkdf-il-icon-holder\">\n\t\t<i class=\"mkdf-icon-font-awesome fa fa-angle-right \" style=\"color: #e22221\"><\/i>\t<\/div>\n\t<p class=\"mkdf-il-text\" style=\"font-size: 20px\">Leistungsoptimierung<\/p>\n<\/div><div class=\"mkdf-icon-list-holder \" >\n\t<div class=\"mkdf-il-icon-holder\">\n\t\t<i class=\"mkdf-icon-font-awesome fa fa-angle-right \" style=\"color: #e22221\"><\/i>\t<\/div>\n\t<p class=\"mkdf-il-text\" style=\"font-size: 20px\">Analysieren der aktuellen Lieferkette und Verbesserungen vornehmen<\/p>\n<\/div><div class=\"mkdf-icon-list-holder \" >\n\t<div class=\"mkdf-il-icon-holder\">\n\t\t<i class=\"mkdf-icon-font-awesome fa fa-angle-right \" style=\"color: #e22221\"><\/i>\t<\/div>\n\t<p class=\"mkdf-il-text\" style=\"font-size: 20px\">Transportmanagement: Wie verwalte ich verschiedene Logistikpartner effizient?<\/p>\n<\/div><div class=\"mkdf-icon-list-holder \" >\n\t<div class=\"mkdf-il-icon-holder\">\n\t\t<i class=\"mkdf-icon-font-awesome fa fa-angle-right \" style=\"color: #e22221\"><\/i>\t<\/div>\n\t<p class=\"mkdf-il-text\" style=\"font-size: 20px\">Allgemeine Logistikanalysen: Optimierung Ihres Warenflusses im weiteren Sinne<\/p>\n<\/div>[\/vc_column][\/vc_row][vc_row equal_height=&#8220;yes&#8220; row_btt_skin=&#8220;light&#8220; row_background_text_position=&#8220;front&#8220; row_skin=&#8220;light&#8220; css=&#8220;.vc_custom_1634130245897{margin-right: 0px !important;margin-left: 0px !important;}&#8220;][vc_column css=&#8220;.vc_custom_1634107301846{padding-right: 0px !important;padding-left: 0px !important;background-color: #565969 !important;}&#8220; offset=&#8220;vc_col-lg-offset-0 vc_col-lg-2\/5 vc_col-md-offset-0 vc_col-md-12 vc_col-sm-offset-0&#8243;]<div class=\"mkdf-elements-holder   mkdf-one-column  mkdf-responsive-mode-768 \" ><div class=\"mkdf-eh-item    \"  data-item-class=\"mkdf-eh-custom-5264\" data-1367-1600=\"120px 66px 222px 120px\" data-1025-1366=\"120px 66px 222px 120px\" data-769-1024=\"121px 136px 128px 136px\" data-681-768=\"121px 64px 128px 64px\" data-680=\"121px 28px 128px 28px\">\n\t<div class=\"mkdf-eh-item-inner\">\n\t\t<div class=\"mkdf-eh-item-content mkdf-eh-custom-5264\" style=\"padding: 120px 66px 222px 120px\">\n\t\t\t<div class=\"mkdf-section-title-holder  mkdf-st-standard mkdf-st-title-left mkdf-st-normal-space \" >\n\t<div class=\"mkdf-st-inner\">\n        \t\t\t\t\t<h3 class=\"mkdf-st-title\" style=\"color: #ffffff\">\n\t\t\t\tSie haben Fragen zur Arbeitsweise von JET Engineering oder sind neugierig, was unsere Berater f\u00fcr Ihr Unternehmen tun k\u00f6nnen?\t\t\t<\/h3>\n\t\t\t\t\t\t\t<p class=\"mkdf-st-text\" style=\"color: #ffffff\">\n\t\t\t\tF\u00fcllen Sie das untenstehende Kontaktformular aus und wir werden uns umgehend mit Ihnen in Verbindung setzen.\t\t\t<\/p>\n\t\t\t<\/div>\n<\/div>\t\t<\/div>\n\t<\/div>\n<\/div><\/div>[\/vc_column][vc_column css=&#8220;.vc_custom_1634107265101{padding-right: 0px !important;padding-left: 0px !important;background-color: #f2f3f5 !important;}&#8220; offset=&#8220;vc_col-lg-offset-0 vc_col-lg-3\/5 vc_col-md-offset-0 vc_col-md-12 vc_col-sm-offset-0&#8243;]<div class=\"mkdf-elements-holder   mkdf-one-column  mkdf-responsive-mode-768 \" ><div class=\"mkdf-eh-item    \"  data-item-class=\"mkdf-eh-custom-8116\" data-1367-1600=\"92px 160px 130px 93px\" data-1025-1366=\"92px 125px 130px 126px\" data-769-1024=\"91px 136px 130px 137px\" data-681-768=\"91px 65px 130px 66px\" data-680=\"92px 28px 130px 28px\">\n\t<div class=\"mkdf-eh-item-inner\">\n\t\t<div class=\"mkdf-eh-item-content mkdf-eh-custom-8116\" style=\"padding: 120px 310px 222px 119px\">\n\t\t\t\n<div class=\"wpcf7 no-js\" id=\"wpcf7-f9282-o1\" lang=\"de-DE\" dir=\"ltr\" data-wpcf7-id=\"9282\">\n<div class=\"screen-reader-response\"><p role=\"status\" aria-live=\"polite\" aria-atomic=\"true\"><\/p> <ul><\/ul><\/div>\n<form action=\"\/de\/wp-json\/wp\/v2\/pages\/8840#wpcf7-f9282-o1\" method=\"post\" class=\"wpcf7-form init cf7_custom_style_1\" aria-label=\"Kontaktformular\" novalidate=\"novalidate\" data-status=\"init\">\n<div style=\"display: none;\">\n<input type=\"hidden\" name=\"_wpcf7\" value=\"9282\" \/>\n<input type=\"hidden\" name=\"_wpcf7_version\" value=\"6.0.6\" \/>\n<input type=\"hidden\" name=\"_wpcf7_locale\" value=\"de_DE\" \/>\n<input type=\"hidden\" name=\"_wpcf7_unit_tag\" value=\"wpcf7-f9282-o1\" \/>\n<input type=\"hidden\" name=\"_wpcf7_container_post\" value=\"0\" \/>\n<input type=\"hidden\" name=\"_wpcf7_posted_data_hash\" value=\"\" \/>\n<input type=\"hidden\" name=\"_wpcf7_recaptcha_response\" value=\"\" \/>\n<\/div>\n<div>\n\t<h6>Name <span class=\"mkdf-form-required-label\">*<\/span>\n\t<\/h6>\n\t<p><span class=\"wpcf7-form-control-wrap\" data-name=\"your-name\"><input size=\"40\" maxlength=\"400\" class=\"wpcf7-form-control wpcf7-text wpcf7-validates-as-required\" aria-required=\"true\" aria-invalid=\"false\" value=\"\" type=\"text\" name=\"your-name\" \/><\/span>\n\t<\/p>\n<\/div>\n<div>\n\t<h6>E-Mail-Addresse <span class=\"mkdf-form-required-label\">*<\/span>\n\t<\/h6>\n\t<p><span class=\"wpcf7-form-control-wrap\" data-name=\"your-email\"><input size=\"40\" maxlength=\"400\" class=\"wpcf7-form-control wpcf7-email wpcf7-validates-as-required wpcf7-text wpcf7-validates-as-email\" aria-required=\"true\" aria-invalid=\"false\" value=\"\" type=\"email\" name=\"your-email\" \/><\/span>\n\t<\/p>\n<\/div>\n<div>\n\t<h6>Wie k\u00f6nnen wir Ihnen helfen\n\t<\/h6>\n\t<p><span class=\"wpcf7-form-control-wrap\" data-name=\"your-message\"><textarea cols=\"40\" rows=\"10\" maxlength=\"2000\" class=\"wpcf7-form-control wpcf7-textarea\" aria-invalid=\"false\" name=\"your-message\"><\/textarea><\/span>\n\t<\/p>\n<\/div>\n<p><button class=\"wpcf7-form-control wpcf7-submit mkdf-btn mkdf-btn-medium mkdf-btn-solid\" type=\"submit\"><span class=\"mkdf-btn-text\">Schicken<\/span><\/button>\n<\/p><div class=\"wpcf7-response-output\" aria-hidden=\"true\"><\/div>\n<\/form>\n<\/div>\n\t\t<\/div>\n\t<\/div>\n<\/div><\/div>[\/vc_column][\/vc_row]<\/p>\n","protected":false},"excerpt":{"rendered":"<p>[vc_row content_placement=&#8220;middle&#8220; row_content_width=&#8220;grid&#8220; row_btt_skin=&#8220;light&#8220; disable_background_image=&#8220;&#8220; row_background_text_position=&#8220;front&#8220; content_width=&#8220;grid&#8220; css=&#8220;.vc_custom_1634130226441{padding-top: 100px !important;padding-bottom: 120px !important;}&#8220; simple_background_image=&#8220;7125&#8243;][vc_column offset=&#8220;vc_col-md-offset-0 vc_col-sm-offset-0&#8243;][vc_column_text]Gemeinsam die Prozesse abbilden, um sie anschlie\u00dfend zu verbessern und zu optimieren. Logistik entlasten, von A-Z. Das tun wir bei JET Engineering. Zeit sparen. Energie sparen. [&hellip;]<\/p>\n","protected":false},"author":1,"featured_media":0,"parent":0,"menu_order":0,"comment_status":"closed","ping_status":"closed","template":"full-width.php","meta":{"footnotes":""},"class_list":["post-8840","page","type-page","status-publish","hentry"],"_links":{"self":[{"href":"https:\/\/www.jetlogistics.eu\/de\/wp-json\/wp\/v2\/pages\/8840","targetHints":{"allow":["GET"]}}],"collection":[{"href":"https:\/\/www.jetlogistics.eu\/de\/wp-json\/wp\/v2\/pages"}],"about":[{"href":"https:\/\/www.jetlogistics.eu\/de\/wp-json\/wp\/v2\/types\/page"}],"author":[{"embeddable":true,"href":"https:\/\/www.jetlogistics.eu\/de\/wp-json\/wp\/v2\/users\/1"}],"replies":[{"embeddable":true,"href":"https:\/\/www.jetlogistics.eu\/de\/wp-json\/wp\/v2\/comments?post=8840"}],"version-history":[{"count":4,"href":"https:\/\/www.jetlogistics.eu\/de\/wp-json\/wp\/v2\/pages\/8840\/revisions"}],"predecessor-version":[{"id":8849,"href":"https:\/\/www.jetlogistics.eu\/de\/wp-json\/wp\/v2\/pages\/8840\/revisions\/8849"}],"wp:attachment":[{"href":"https:\/\/www.jetlogistics.eu\/de\/wp-json\/wp\/v2\/media?parent=8840"}],"curies":[{"name":"wp","href":"https:\/\/api.w.org\/{rel}","templated":true}]}}