{"id":9258,"date":"2021-10-13T10:11:11","date_gmt":"2021-10-13T10:11:11","guid":{"rendered":"https:\/\/www.jetlogistics.eu\/jet-transport\/europa\/"},"modified":"2022-03-07T06:42:42","modified_gmt":"2022-03-07T06:42:42","slug":"europa","status":"publish","type":"page","link":"https:\/\/www.jetlogistics.eu\/de\/jet-transport\/europa\/","title":{"rendered":"Europa"},"content":{"rendered":"<p>[vc_row row_content_width=&#8220;grid&#8220; row_btt_skin=&#8220;light&#8220; disable_background_image=&#8220;&#8220; row_background_text_position=&#8220;front&#8220; row_skin=&#8220;dark&#8220; css=&#8220;.vc_custom_1640266121517{padding-top: 125px !important;padding-bottom: 125px !important;}&#8220; simple_background_image=&#8220;7574&#8243;][vc_column width=&#8220;1\/6&#8243;][vc_single_image image=&#8220;7196&#8243; img_size=&#8220;full&#8220;][\/vc_column][vc_column width=&#8220;5\/6&#8243;][vc_empty_space height=&#8220;16&#8243;]<div class=\"mkdf-section-title-holder  mkdf-st-standard mkdf-st-title-left mkdf-st-normal-space \" >\n\t<div class=\"mkdf-st-inner\">\n        \t\t\t\t\t<h2 class=\"mkdf-st-title\" style=\"color: #ffffff\">\n\t\t\t\tLieferungen in europ\u00e4ischen L\u00e4nder\t\t\t<\/h2>\n\t\t\t\t\t\t\t<h5 class=\"mkdf-st-text\" style=\"color: #ffffff\">\n\t\t\t\tDurch die Expansion ins Ausland und das Eingehen von Partnerschaften in allen europ\u00e4ischen L\u00e4ndern verf\u00fcgen wir \u00fcber ein breites und flexibles Transportnetz, das sich \u00fcber ganz Europa erstreckt. Unsere Partner wiederum vertreiben Ihre Ware im jeweiligen Land weiter.\t\t\t<\/h5>\n\t\t\t<\/div>\n<\/div>[\/vc_column][\/vc_row][vc_row row_content_width=&#8220;grid&#8220; row_btt_skin=&#8220;light&#8220; row_background_text_position=&#8220;front&#8220; css=&#8220;.vc_custom_1634107505780{padding-top: 100px !important;}&#8220;][vc_column offset=&#8220;vc_col-lg-offset-3 vc_col-lg-6 vc_col-md-offset-2 vc_col-md-8&#8243;][vc_column_text]<\/p>\n<p style=\"text-align: center;\">Alle unsere FTL (Full Truck Load) Transportoptionen sind auf europ\u00e4ischer Ebene durchf\u00fchrbar. Bei FTL Transport sprechen wir von einer vollen Beladung. Der LKW wird dazu voll beladen, sodass er direkt von der Ladestelle zum endg\u00fcltigen Bestimmungsort f\u00e4hrt. Der LKW transportiert also nur eine Ladung und ist somit voll beladen.<\/p>\n<p style=\"text-align: center;\">Sie m\u00fcssen keine volle Ladung versenden? Denken Sie an Sammeltransporte! Wir transportieren mehrere Kleinlasten in einem Container. Auch f\u00fcr kleinere Unternehmen mit kleineren Auflagen ist dies eine schnelle und kosteng\u00fcnstige Transportm\u00f6glichkeit. Im Gegensatz zu FTL (Full Truck Load) nutzen wir hier den Sammelverkehr, bei dem der LKW nicht voll beladen ist und perfekt von mehreren Kunden geteilt werden kann, um die Kosten niedrig zu halten.<\/p>\n<p>[\/vc_column_text][\/vc_column][\/vc_row][vc_row row_content_width=&#8220;grid&#8220; row_btt_skin=&#8220;light&#8220; row_background_text_position=&#8220;front&#8220; row_skin=&#8220;dark&#8220; css=&#8220;.vc_custom_1639639876385{padding-top: 100px !important;}&#8220;][vc_column width=&#8220;1\/6&#8243; offset=&#8220;vc_col-lg-offset-0 vc_col-lg-2 vc_col-md-offset-0 vc_col-md-6 vc_col-sm-offset-0&#8243;]<div class=\"mkdf-iwt clearfix  mkdf-iwt-icon-top-centered  mkdf-iwt-icon-medium\" >\n\t<div class=\"mkdf-iwt-icon\">\n\t\t\t\t\t<a itemprop=\"url\" href=\"\/de\/jet-transport\/adr-transport\" target=\"_self\">\n\t\t\t\t\t\t\t\t\t<img decoding=\"async\" width=\"76\" height=\"76\" src=\"https:\/\/www.jetlogistics.eu\/wp-content\/uploads\/2021\/11\/adr.png\" class=\"attachment-full size-full\" alt=\"\" \/>                \t\t\t\t\t<\/a>\n\t\t\t<\/div>\n\t<div class=\"mkdf-iwt-content\" style=\"padding-top: px\">\n        \t\t\t\t\t<h4 class=\"mkdf-iwt-title\" style=\"margin-top: -5px\">\n\t\t\t\t\t\t\t\t\t<a itemprop=\"url\" href=\"\/de\/jet-transport\/adr-transport\" target=\"_self\">\n\t\t\t\t\t\t\t\t<span class=\"mkdf-iwt-title-text\">ADR<\/span>\n\t\t\t\t\t\t\t\t\t<\/a>\n\t\t\t\t\t\t\t<\/h4>\n\t\t\t\t\t<\/div>\n<\/div>[vc_empty_space height=&#8220;50&#8243;][\/vc_column][vc_column width=&#8220;1\/6&#8243; offset=&#8220;vc_col-lg-offset-0 vc_col-lg-2 vc_col-md-offset-0 vc_col-md-6 vc_col-sm-offset-0&#8243;]<div class=\"mkdf-iwt clearfix  mkdf-iwt-icon-top-centered  mkdf-iwt-icon-medium\" >\n\t<div class=\"mkdf-iwt-icon\">\n\t\t\t\t\t<a itemprop=\"url\" href=\"\/de\/jet-transport\/thermo-transport\" target=\"_self\">\n\t\t\t\t\t\t\t\t\t<img decoding=\"async\" width=\"74\" height=\"76\" src=\"https:\/\/www.jetlogistics.eu\/wp-content\/uploads\/2021\/11\/koeling.png\" class=\"attachment-full size-full\" alt=\"\" \/>                \t\t\t\t\t<\/a>\n\t\t\t<\/div>\n\t<div class=\"mkdf-iwt-content\" style=\"padding-top: px\">\n        \t\t\t\t\t<h4 class=\"mkdf-iwt-title\" style=\"margin-top: -5px\">\n\t\t\t\t\t\t\t\t\t<a itemprop=\"url\" href=\"\/de\/jet-transport\/thermo-transport\" target=\"_self\">\n\t\t\t\t\t\t\t\t<span class=\"mkdf-iwt-title-text\">Thermo<\/span>\n\t\t\t\t\t\t\t\t\t<\/a>\n\t\t\t\t\t\t\t<\/h4>\n\t\t\t\t\t<\/div>\n<\/div>[vc_empty_space height=&#8220;50&#8243;][\/vc_column][vc_column width=&#8220;1\/6&#8243; offset=&#8220;vc_col-lg-offset-0 vc_col-lg-2 vc_col-md-offset-0 vc_col-md-6 vc_col-sm-offset-0&#8243;]<div class=\"mkdf-iwt clearfix  mkdf-iwt-icon-top-centered  mkdf-iwt-icon-medium\" >\n\t<div class=\"mkdf-iwt-icon\">\n\t\t\t\t\t<a itemprop=\"url\" href=\"\/de\/jet-transport\/track-trace\" target=\"_self\">\n\t\t\t\t\t\t\t\t\t<img decoding=\"async\" width=\"75\" height=\"75\" src=\"https:\/\/www.jetlogistics.eu\/wp-content\/uploads\/2021\/10\/trace.png\" class=\"attachment-full size-full\" alt=\"\" \/>                \t\t\t\t\t<\/a>\n\t\t\t<\/div>\n\t<div class=\"mkdf-iwt-content\" style=\"padding-top: px\">\n        \t\t\t\t\t<h4 class=\"mkdf-iwt-title\" style=\"margin-top: -5px\">\n\t\t\t\t\t\t\t\t\t<a itemprop=\"url\" href=\"\/de\/jet-transport\/track-trace\" target=\"_self\">\n\t\t\t\t\t\t\t\t<span class=\"mkdf-iwt-title-text\">Track &amp; Trace<\/span>\n\t\t\t\t\t\t\t\t\t<\/a>\n\t\t\t\t\t\t\t<\/h4>\n\t\t\t\t\t<\/div>\n<\/div>[vc_empty_space height=&#8220;50&#8243;][\/vc_column][vc_column width=&#8220;1\/6&#8243; offset=&#8220;vc_col-lg-offset-0 vc_col-lg-2 vc_col-md-offset-0 vc_col-md-6 vc_col-sm-offset-0&#8243;]<div class=\"mkdf-iwt clearfix  mkdf-iwt-icon-top-centered  mkdf-iwt-icon-medium\" >\n\t<div class=\"mkdf-iwt-icon\">\n\t\t\t\t\t<a itemprop=\"url\" href=\"\/de\/jet-transport\/mega-trailer\" target=\"_self\">\n\t\t\t\t\t\t\t\t\t<img loading=\"lazy\" decoding=\"async\" width=\"90\" height=\"75\" src=\"https:\/\/www.jetlogistics.eu\/wp-content\/uploads\/2021\/10\/megatruck.png\" class=\"attachment-full size-full\" alt=\"\" \/>                \t\t\t\t\t<\/a>\n\t\t\t<\/div>\n\t<div class=\"mkdf-iwt-content\" style=\"padding-top: px\">\n        \t\t\t\t\t<h4 class=\"mkdf-iwt-title\" style=\"margin-top: -5px\">\n\t\t\t\t\t\t\t\t\t<a itemprop=\"url\" href=\"\/de\/jet-transport\/mega-trailer\" target=\"_self\">\n\t\t\t\t\t\t\t\t<span class=\"mkdf-iwt-title-text\">Mega-trailer<\/span>\n\t\t\t\t\t\t\t\t\t<\/a>\n\t\t\t\t\t\t\t<\/h4>\n\t\t\t\t\t<\/div>\n<\/div>[vc_empty_space height=&#8220;50&#8243;][\/vc_column][vc_column width=&#8220;1\/6&#8243; offset=&#8220;vc_col-lg-2 vc_col-md-6&#8243;]<div class=\"mkdf-iwt clearfix  mkdf-iwt-icon-top-centered  mkdf-iwt-icon-medium\" >\n\t<div class=\"mkdf-iwt-icon\">\n\t\t\t\t\t<a itemprop=\"url\" href=\"\/de\/jet-transport\/mitnehmstapler\" target=\"_self\">\n\t\t\t\t\t\t\t\t\t<img loading=\"lazy\" decoding=\"async\" width=\"100\" height=\"75\" src=\"https:\/\/www.jetlogistics.eu\/wp-content\/uploads\/2021\/11\/heftruck.png\" class=\"attachment-full size-full\" alt=\"\" \/>                \t\t\t\t\t<\/a>\n\t\t\t<\/div>\n\t<div class=\"mkdf-iwt-content\" style=\"padding-top: px\">\n        \t\t\t\t\t<h4 class=\"mkdf-iwt-title\" style=\"margin-top: -5px\">\n\t\t\t\t\t\t\t\t\t<a itemprop=\"url\" href=\"\/de\/jet-transport\/mitnehmstapler\" target=\"_self\">\n\t\t\t\t\t\t\t\t<span class=\"mkdf-iwt-title-text\">Mitnehmstapler<\/span>\n\t\t\t\t\t\t\t\t\t<\/a>\n\t\t\t\t\t\t\t<\/h4>\n\t\t\t\t\t<\/div>\n<\/div>[vc_empty_space height=&#8220;50&#8243;][\/vc_column][vc_column width=&#8220;1\/6&#8243; offset=&#8220;vc_col-lg-2 vc_col-md-6&#8243;]<div class=\"mkdf-iwt clearfix  mkdf-iwt-icon-top-centered  mkdf-iwt-icon-medium\" >\n\t<div class=\"mkdf-iwt-icon\">\n\t\t\t\t\t<a itemprop=\"url\" href=\"\/de\/jet-transport\/ladebordwand\" target=\"_self\">\n\t\t\t\t\t\t\t\t\t<img loading=\"lazy\" decoding=\"async\" width=\"117\" height=\"75\" src=\"https:\/\/www.jetlogistics.eu\/wp-content\/uploads\/2021\/11\/laadklep.png\" class=\"attachment-full size-full\" alt=\"\" \/>                \t\t\t\t\t<\/a>\n\t\t\t<\/div>\n\t<div class=\"mkdf-iwt-content\" style=\"padding-top: px\">\n        \t\t\t\t\t<h4 class=\"mkdf-iwt-title\" style=\"margin-top: -5px\">\n\t\t\t\t\t\t\t\t\t<a itemprop=\"url\" href=\"\/de\/jet-transport\/ladebordwand\" target=\"_self\">\n\t\t\t\t\t\t\t\t<span class=\"mkdf-iwt-title-text\">Ladebordwand<\/span>\n\t\t\t\t\t\t\t\t\t<\/a>\n\t\t\t\t\t\t\t<\/h4>\n\t\t\t\t\t<\/div>\n<\/div>[vc_empty_space height=&#8220;50&#8243;][\/vc_column][\/vc_row][vc_row row_content_width=&#8220;grid&#8220; row_btt_skin=&#8220;light&#8220; row_background_text_position=&#8220;front&#8220; row_skin=&#8220;dark&#8220; css=&#8220;.vc_custom_1639639881273{padding-bottom: 70px !important;}&#8220;][vc_column width=&#8220;1\/6&#8243; offset=&#8220;vc_col-lg-offset-3 vc_col-lg-2 vc_col-md-6 vc_col-sm-offset-0&#8243;]<div class=\"mkdf-iwt clearfix  mkdf-iwt-icon-top-centered  mkdf-iwt-icon-medium\" >\n\t<div class=\"mkdf-iwt-icon\">\n\t\t\t\t\t<a itemprop=\"url\" href=\"\/de\/jet-transport\/dedizierter-transport\" target=\"_self\">\n\t\t\t\t\t\t\t\t\t<img loading=\"lazy\" decoding=\"async\" width=\"76\" height=\"75\" src=\"https:\/\/www.jetlogistics.eu\/wp-content\/uploads\/2021\/12\/dedicated.png\" class=\"attachment-full size-full\" alt=\"\" \/>                \t\t\t\t\t<\/a>\n\t\t\t<\/div>\n\t<div class=\"mkdf-iwt-content\" style=\"padding-top: px\">\n        \t\t\t\t\t<h4 class=\"mkdf-iwt-title\" style=\"margin-top: -5px\">\n\t\t\t\t\t\t\t\t\t<a itemprop=\"url\" href=\"\/de\/jet-transport\/dedizierter-transport\" target=\"_self\">\n\t\t\t\t\t\t\t\t<span class=\"mkdf-iwt-title-text\">Dedizierter Transport<\/span>\n\t\t\t\t\t\t\t\t\t<\/a>\n\t\t\t\t\t\t\t<\/h4>\n\t\t\t\t\t<\/div>\n<\/div>[vc_empty_space height=&#8220;50&#8243;][\/vc_column][vc_column width=&#8220;1\/6&#8243; offset=&#8220;vc_col-lg-offset-0 vc_col-lg-2 vc_col-md-offset-0 vc_col-md-6 vc_col-sm-offset-0&#8243;]<div class=\"mkdf-iwt clearfix  mkdf-iwt-icon-top-centered  mkdf-iwt-icon-medium\" >\n\t<div class=\"mkdf-iwt-icon\">\n\t\t\t\t\t<a itemprop=\"url\" href=\"\/de\/jet-transport\/express-transport\" target=\"_self\">\n\t\t\t\t\t\t\t\t\t<img loading=\"lazy\" decoding=\"async\" width=\"109\" height=\"75\" src=\"https:\/\/www.jetlogistics.eu\/wp-content\/uploads\/2021\/12\/jet-transport-express.png\" class=\"attachment-full size-full\" alt=\"\" \/>                \t\t\t\t\t<\/a>\n\t\t\t<\/div>\n\t<div class=\"mkdf-iwt-content\" style=\"padding-top: px\">\n        \t\t\t\t\t<h4 class=\"mkdf-iwt-title\" style=\"margin-top: -5px\">\n\t\t\t\t\t\t\t\t\t<a itemprop=\"url\" href=\"\/de\/jet-transport\/express-transport\" target=\"_self\">\n\t\t\t\t\t\t\t\t<span class=\"mkdf-iwt-title-text\">Express Transport<\/span>\n\t\t\t\t\t\t\t\t\t<\/a>\n\t\t\t\t\t\t\t<\/h4>\n\t\t\t\t\t<\/div>\n<\/div>[vc_empty_space height=&#8220;50&#8243;][\/vc_column][vc_column width=&#8220;1\/6&#8243; offset=&#8220;vc_col-lg-offset-0 vc_col-lg-2 vc_col-md-offset-0 vc_col-md-6 vc_col-sm-offset-0&#8243;]<div class=\"mkdf-iwt clearfix  mkdf-iwt-icon-top-centered  mkdf-iwt-icon-medium\" >\n\t<div class=\"mkdf-iwt-icon\">\n\t\t\t\t\t<a itemprop=\"url\" href=\"\/de\/jet-transport\/hochsicherheits-transport\" target=\"_self\">\n\t\t\t\t\t\t\t\t\t<img loading=\"lazy\" decoding=\"async\" width=\"91\" height=\"76\" src=\"https:\/\/www.jetlogistics.eu\/wp-content\/uploads\/2021\/12\/jet-transport-security.png\" class=\"attachment-full size-full\" alt=\"\" \/>                \t\t\t\t\t<\/a>\n\t\t\t<\/div>\n\t<div class=\"mkdf-iwt-content\" style=\"padding-top: px\">\n        \t\t\t\t\t<h4 class=\"mkdf-iwt-title\" style=\"margin-top: -5px\">\n\t\t\t\t\t\t\t\t\t<a itemprop=\"url\" href=\"\/de\/jet-transport\/hochsicherheits-transport\" target=\"_self\">\n\t\t\t\t\t\t\t\t<span class=\"mkdf-iwt-title-text\">Hochsicherheits Transport<\/span>\n\t\t\t\t\t\t\t\t\t<\/a>\n\t\t\t\t\t\t\t<\/h4>\n\t\t\t\t\t<\/div>\n<\/div>[vc_empty_space height=&#8220;50&#8243;][\/vc_column][\/vc_row][vc_row equal_height=&#8220;yes&#8220; row_btt_skin=&#8220;light&#8220; row_background_text_position=&#8220;front&#8220; row_skin=&#8220;light&#8220; css=&#8220;.vc_custom_1634107252800{margin-right: 0px !important;margin-left: 0px !important;}&#8220;][vc_column css=&#8220;.vc_custom_1634107301846{padding-right: 0px !important;padding-left: 0px !important;background-color: #565969 !important;}&#8220; offset=&#8220;vc_col-lg-offset-0 vc_col-lg-2\/5 vc_col-md-offset-0 vc_col-md-12 vc_col-sm-offset-0&#8243;]<div class=\"mkdf-elements-holder   mkdf-one-column  mkdf-responsive-mode-768 \" ><div class=\"mkdf-eh-item    \"  data-item-class=\"mkdf-eh-custom-4273\" data-1367-1600=\"120px 66px 222px 120px\" data-1025-1366=\"120px 66px 222px 120px\" data-769-1024=\"121px 136px 128px 136px\" data-681-768=\"121px 64px 128px 64px\" data-680=\"121px 28px 128px 28px\">\n\t<div class=\"mkdf-eh-item-inner\">\n\t\t<div class=\"mkdf-eh-item-content mkdf-eh-custom-4273\" style=\"padding: 120px 66px 222px 120px\">\n\t\t\t<div class=\"mkdf-section-title-holder  mkdf-st-standard mkdf-st-title-left mkdf-st-normal-space \" >\n\t<div class=\"mkdf-st-inner\">\n        \t\t\t\t\t<h3 class=\"mkdf-st-title\" style=\"color: #ffffff\">\n\t\t\t\tSie haben Fragen zu unseren Transportm\u00f6glichkeiten innerhalb Europas?\t\t\t<\/h3>\n\t\t\t\t\t\t\t<p class=\"mkdf-st-text\" style=\"color: #ffffff\">\n\t\t\t\tF\u00fcllen Sie das untenstehende Kontaktformular aus und wir werden uns umgehend mit Ihnen in Verbindung setzen.\t\t\t<\/p>\n\t\t\t<\/div>\n<\/div>\t\t<\/div>\n\t<\/div>\n<\/div><\/div>[\/vc_column][vc_column css=&#8220;.vc_custom_1634107265101{padding-right: 0px !important;padding-left: 0px !important;background-color: #f2f3f5 !important;}&#8220; offset=&#8220;vc_col-lg-offset-0 vc_col-lg-3\/5 vc_col-md-offset-0 vc_col-md-12 vc_col-sm-offset-0&#8243;]<div class=\"mkdf-elements-holder   mkdf-one-column  mkdf-responsive-mode-768 \" ><div class=\"mkdf-eh-item    \"  data-item-class=\"mkdf-eh-custom-9796\" data-1367-1600=\"92px 160px 130px 93px\" data-1025-1366=\"92px 125px 130px 126px\" data-769-1024=\"91px 136px 130px 137px\" data-681-768=\"91px 65px 130px 66px\" data-680=\"92px 28px 130px 28px\">\n\t<div class=\"mkdf-eh-item-inner\">\n\t\t<div class=\"mkdf-eh-item-content mkdf-eh-custom-9796\" style=\"padding: 120px 310px 222px 119px\">\n\t\t\t\n<div class=\"wpcf7 no-js\" id=\"wpcf7-f9283-o1\" lang=\"de-DE\" dir=\"ltr\" data-wpcf7-id=\"9283\">\n<div class=\"screen-reader-response\"><p role=\"status\" aria-live=\"polite\" aria-atomic=\"true\"><\/p> <ul><\/ul><\/div>\n<form action=\"\/de\/wp-json\/wp\/v2\/pages\/9258#wpcf7-f9283-o1\" method=\"post\" class=\"wpcf7-form init cf7_custom_style_1\" aria-label=\"Kontaktformular\" novalidate=\"novalidate\" data-status=\"init\">\n<div style=\"display: none;\">\n<input type=\"hidden\" name=\"_wpcf7\" value=\"9283\" \/>\n<input type=\"hidden\" name=\"_wpcf7_version\" value=\"6.0.6\" \/>\n<input type=\"hidden\" name=\"_wpcf7_locale\" value=\"de_DE\" \/>\n<input type=\"hidden\" name=\"_wpcf7_unit_tag\" value=\"wpcf7-f9283-o1\" \/>\n<input type=\"hidden\" name=\"_wpcf7_container_post\" value=\"0\" \/>\n<input type=\"hidden\" name=\"_wpcf7_posted_data_hash\" value=\"\" \/>\n<input type=\"hidden\" name=\"_wpcf7_recaptcha_response\" value=\"\" \/>\n<\/div>\n<div>\n\t<h6>Name <span class=\"mkdf-form-required-label\">*<\/span>\n\t<\/h6>\n\t<p><span class=\"wpcf7-form-control-wrap\" data-name=\"your-name\"><input size=\"40\" maxlength=\"400\" class=\"wpcf7-form-control wpcf7-text wpcf7-validates-as-required\" aria-required=\"true\" aria-invalid=\"false\" value=\"\" type=\"text\" name=\"your-name\" \/><\/span>\n\t<\/p>\n<\/div>\n<div>\n\t<h6>E-Mail-Addresse <span class=\"mkdf-form-required-label\">*<\/span>\n\t<\/h6>\n\t<p><span class=\"wpcf7-form-control-wrap\" data-name=\"your-email\"><input size=\"40\" maxlength=\"400\" class=\"wpcf7-form-control wpcf7-email wpcf7-validates-as-required wpcf7-text wpcf7-validates-as-email\" aria-required=\"true\" aria-invalid=\"false\" value=\"\" type=\"email\" name=\"your-email\" \/><\/span>\n\t<\/p>\n<\/div>\n<div>\n\t<h6>Ziel <span class=\"mkdf-form-required-label\">*<\/span>\n\t<\/h6>\n\t<p><span class=\"wpcf7-form-control-wrap\" data-name=\"your-destination\"><input size=\"40\" maxlength=\"400\" class=\"wpcf7-form-control wpcf7-text wpcf7-validates-as-required\" aria-required=\"true\" aria-invalid=\"false\" value=\"\" type=\"text\" name=\"your-destination\" \/><\/span>\n\t<\/p>\n<\/div>\n<div>\n\t<h6>Wie k\u00f6nnen wir Ihnen helfen\n\t<\/h6>\n\t<p><span class=\"wpcf7-form-control-wrap\" data-name=\"your-message\"><textarea cols=\"40\" rows=\"10\" maxlength=\"2000\" class=\"wpcf7-form-control wpcf7-textarea\" aria-invalid=\"false\" name=\"your-message\"><\/textarea><\/span>\n\t<\/p>\n<\/div>\n<p><button class=\"wpcf7-form-control wpcf7-submit mkdf-btn mkdf-btn-medium mkdf-btn-solid\" type=\"submit\"><span class=\"mkdf-btn-text\">Schicken<\/span><\/button>\n<\/p><div class=\"wpcf7-response-output\" aria-hidden=\"true\"><\/div>\n<\/form>\n<\/div>\n\t\t<\/div>\n\t<\/div>\n<\/div><\/div>[\/vc_column][\/vc_row]<\/p>\n","protected":false},"excerpt":{"rendered":"<p>[vc_row row_content_width=&#8220;grid&#8220; row_btt_skin=&#8220;light&#8220; disable_background_image=&#8220;&#8220; row_background_text_position=&#8220;front&#8220; row_skin=&#8220;dark&#8220; css=&#8220;.vc_custom_1640266121517{padding-top: 125px !important;padding-bottom: 125px !important;}&#8220; simple_background_image=&#8220;7574&#8243;][vc_column width=&#8220;1\/6&#8243;][vc_single_image image=&#8220;7196&#8243; img_size=&#8220;full&#8220;][\/vc_column][vc_column width=&#8220;5\/6&#8243;][vc_empty_space height=&#8220;16&#8243;][\/vc_column][\/vc_row][vc_row row_content_width=&#8220;grid&#8220; row_btt_skin=&#8220;light&#8220; row_background_text_position=&#8220;front&#8220; css=&#8220;.vc_custom_1634107505780{padding-top: 100px !important;}&#8220;][vc_column offset=&#8220;vc_col-lg-offset-3 vc_col-lg-6 vc_col-md-offset-2 vc_col-md-8&#8243;][vc_column_text] Alle unsere FTL (Full Truck Load) Transportoptionen sind auf europ\u00e4ischer Ebene durchf\u00fchrbar. Bei [&hellip;]<\/p>\n","protected":false},"author":1,"featured_media":0,"parent":8814,"menu_order":0,"comment_status":"closed","ping_status":"closed","template":"full-width.php","meta":{"footnotes":""},"class_list":["post-9258","page","type-page","status-publish","hentry"],"_links":{"self":[{"href":"https:\/\/www.jetlogistics.eu\/de\/wp-json\/wp\/v2\/pages\/9258","targetHints":{"allow":["GET"]}}],"collection":[{"href":"https:\/\/www.jetlogistics.eu\/de\/wp-json\/wp\/v2\/pages"}],"about":[{"href":"https:\/\/www.jetlogistics.eu\/de\/wp-json\/wp\/v2\/types\/page"}],"author":[{"embeddable":true,"href":"https:\/\/www.jetlogistics.eu\/de\/wp-json\/wp\/v2\/users\/1"}],"replies":[{"embeddable":true,"href":"https:\/\/www.jetlogistics.eu\/de\/wp-json\/wp\/v2\/comments?post=9258"}],"version-history":[{"count":3,"href":"https:\/\/www.jetlogistics.eu\/de\/wp-json\/wp\/v2\/pages\/9258\/revisions"}],"predecessor-version":[{"id":9261,"href":"https:\/\/www.jetlogistics.eu\/de\/wp-json\/wp\/v2\/pages\/9258\/revisions\/9261"}],"up":[{"embeddable":true,"href":"https:\/\/www.jetlogistics.eu\/de\/wp-json\/wp\/v2\/pages\/8814"}],"wp:attachment":[{"href":"https:\/\/www.jetlogistics.eu\/de\/wp-json\/wp\/v2\/media?parent=9258"}],"curies":[{"name":"wp","href":"https:\/\/api.w.org\/{rel}","templated":true}]}}