{"id":9266,"date":"2021-12-17T04:33:00","date_gmt":"2021-12-17T04:33:00","guid":{"rendered":"https:\/\/www.jetlogistics.eu\/stellenangebote\/fahrer-ce\/"},"modified":"2023-06-07T06:30:30","modified_gmt":"2023-06-07T06:30:30","slug":"fahrer-ce","status":"publish","type":"page","link":"https:\/\/www.jetlogistics.eu\/de\/stellenangebote\/fahrer-ce\/","title":{"rendered":"Fahrer CE"},"content":{"rendered":"<p>[vc_row row_content_width=&#8220;grid&#8220; row_btt_skin=&#8220;light&#8220; row_background_text_position=&#8220;front&#8220; css=&#8220;.vc_custom_1634127682698{padding-top: 100px !important;padding-bottom: 120px !important;}&#8220;][vc_column offset=&#8220;vc_col-lg-offset-3 vc_col-lg-6 vc_col-md-offset-2 vc_col-md-8&#8243;]<div class=\"mkdf-iwt clearfix  mkdf-iwt-icon-top-centered  mkdf-iwt-icon-medium\" >\n\t<div class=\"mkdf-iwt-icon\">\n\t\t\t\t\t\t\t\t\t<img decoding=\"async\" width=\"75\" height=\"50\" src=\"https:\/\/www.jetlogistics.eu\/wp-content\/uploads\/2021\/10\/transport-icon.png\" class=\"attachment-full size-full\" alt=\"\" \/>                \t\t\t<\/div>\n\t<div class=\"mkdf-iwt-content\" style=\"padding-top: px\">\n        \t\t\t\t\t<h2 class=\"mkdf-iwt-title\" style=\"margin-top: -5px\">\n\t\t\t\t\t\t\t\t<span class=\"mkdf-iwt-title-text\">Fahrer CE<\/span>\n\t\t\t\t\t\t\t<\/h2>\n\t\t\t\t\t\t\t<p class=\"mkdf-iwt-text\" >Als Fahrer CE fahren Sie einen Sattelzug und bef\u00f6rdern Sie die Waren unserer Kunden. Aufgrund Ihres gro\u00dfen Verantwortungsbewusstseins und Ihrer Leidenschaft f\u00fcr die Transportbranche sind Sie der ideale Kandidat, um unser Team als Fahrer CE zu verst\u00e4rken!<\/p>\n\t\t\t<\/div>\n<\/div>[vc_empty_space][vc_column_text]<\/p>\n<h4><span data-sheets-value=\"{\" data-sheets-userformat=\"{\" data-sheets-textstyleruns=\"{\">Aufgabengebiet<\/span><\/h4>\n<ul>\n<li>LKW Fahrer f\u00fcr JET G\u00f6ssnitz<\/li>\n<li>Sie sind f\u00fcr die Ladungssicherung verantwortlich<\/li>\n<li>Sie f\u00fchren die notwendigen Fahrten durch<\/li>\n<li>Sie sorgen daf\u00fcr, dass Ihr Lkw stets sauber und gut aufger\u00e4umt bleibt<\/li>\n<li>Sie halten sich an die vorgeschlagene Planung<\/li>\n<\/ul>\n<h4><span data-sheets-value=\"{\" data-sheets-userformat=\"{\" data-sheets-textstyleruns=\"{\">Profil<\/span><\/h4>\n<ul>\n<li>Sie haben mindestens 1 bis 2 Jahre Erfahrung als LKW Fahrer<\/li>\n<\/ul>\n<h4><span data-sheets-value=\"{\" data-sheets-userformat=\"{\" data-sheets-textstyleruns=\"{\">Angebot<\/span><\/h4>\n<ul>\n<li>Arbeiten in einem stabilen Familienunternehmen, in dem Loyalit\u00e4t und Respekt im Mittelpunkt stehen<\/li>\n<li>Faire Bezahlung nach Erfahrung<\/li>\n<li>Sie arbeiten in wechselnden Schichtsystemen<\/li>\n<\/ul>\n<p>[\/vc_column_text][\/vc_column][\/vc_row][vc_row equal_height=&#8220;yes&#8220; row_btt_skin=&#8220;light&#8220; row_background_text_position=&#8220;front&#8220; row_skin=&#8220;light&#8220; css=&#8220;.vc_custom_1634107252800{margin-right: 0px !important;margin-left: 0px !important;}&#8220;][vc_column css=&#8220;.vc_custom_1634107301846{padding-right: 0px !important;padding-left: 0px !important;background-color: #565969 !important;}&#8220; offset=&#8220;vc_col-lg-offset-0 vc_col-lg-2\/5 vc_col-md-offset-0 vc_col-md-12 vc_col-sm-offset-0&#8243;]<div class=\"mkdf-elements-holder   mkdf-one-column  mkdf-responsive-mode-768 \" ><div class=\"mkdf-eh-item    \"  data-item-class=\"mkdf-eh-custom-8752\" data-1367-1600=\"120px 66px 222px 120px\" data-1025-1366=\"120px 66px 222px 120px\" data-769-1024=\"121px 136px 128px 136px\" data-681-768=\"121px 64px 128px 64px\" data-680=\"121px 28px 128px 28px\">\n\t<div class=\"mkdf-eh-item-inner\">\n\t\t<div class=\"mkdf-eh-item-content mkdf-eh-custom-8752\" style=\"padding: 120px 66px 222px 120px\">\n\t\t\t<div class=\"mkdf-section-title-holder  mkdf-st-standard mkdf-st-title-left mkdf-st-normal-space \" >\n\t<div class=\"mkdf-st-inner\">\n        \t\t\t\t\t<h3 class=\"mkdf-st-title\" style=\"color: #ffffff\">\n\t\t\t\tKontaktieren Sie uns!\t\t\t<\/h3>\n\t\t\t\t\t<\/div>\n<\/div>\t\t<\/div>\n\t<\/div>\n<\/div><\/div>[\/vc_column][vc_column css=&#8220;.vc_custom_1634107265101{padding-right: 0px !important;padding-left: 0px !important;background-color: #f2f3f5 !important;}&#8220; offset=&#8220;vc_col-lg-offset-0 vc_col-lg-3\/5 vc_col-md-offset-0 vc_col-md-12 vc_col-sm-offset-0&#8243;]<div class=\"mkdf-elements-holder   mkdf-one-column  mkdf-responsive-mode-768 \" ><div class=\"mkdf-eh-item    \"  data-item-class=\"mkdf-eh-custom-2009\" data-1367-1600=\"92px 160px 130px 93px\" data-1025-1366=\"92px 125px 130px 126px\" data-769-1024=\"91px 136px 130px 137px\" data-681-768=\"91px 65px 130px 66px\" data-680=\"92px 28px 130px 28px\">\n\t<div class=\"mkdf-eh-item-inner\">\n\t\t<div class=\"mkdf-eh-item-content mkdf-eh-custom-2009\" style=\"padding: 120px 310px 222px 119px\">\n\t\t\t\n<div class=\"wpcf7 no-js\" id=\"wpcf7-f9284-o1\" lang=\"de-DE\" dir=\"ltr\" data-wpcf7-id=\"9284\">\n<div class=\"screen-reader-response\"><p role=\"status\" aria-live=\"polite\" aria-atomic=\"true\"><\/p> <ul><\/ul><\/div>\n<form action=\"\/de\/wp-json\/wp\/v2\/pages\/9266#wpcf7-f9284-o1\" method=\"post\" class=\"wpcf7-form init cf7_custom_style_1\" aria-label=\"Kontaktformular\" enctype=\"multipart\/form-data\" novalidate=\"novalidate\" data-status=\"init\">\n<div style=\"display: none;\">\n<input type=\"hidden\" name=\"_wpcf7\" value=\"9284\" \/>\n<input type=\"hidden\" name=\"_wpcf7_version\" value=\"6.0.6\" \/>\n<input type=\"hidden\" name=\"_wpcf7_locale\" value=\"de_DE\" \/>\n<input type=\"hidden\" name=\"_wpcf7_unit_tag\" value=\"wpcf7-f9284-o1\" \/>\n<input type=\"hidden\" name=\"_wpcf7_container_post\" value=\"0\" \/>\n<input type=\"hidden\" name=\"_wpcf7_posted_data_hash\" value=\"\" \/>\n<input type=\"hidden\" name=\"_wpcf7_recaptcha_response\" value=\"\" \/>\n<\/div>\n<div>\n\t<h6>Vorname <span class=\"mkdf-form-required-label\">*<\/span>\n\t<\/h6>\n\t<p><span class=\"wpcf7-form-control-wrap\" data-name=\"your-firstname\"><input size=\"40\" maxlength=\"400\" class=\"wpcf7-form-control wpcf7-text wpcf7-validates-as-required\" aria-required=\"true\" aria-invalid=\"false\" value=\"\" type=\"text\" name=\"your-firstname\" \/><\/span>\n\t<\/p>\n<\/div>\n<div>\n\t<h6>Name <span class=\"mkdf-form-required-label\">*<\/span>\n\t<\/h6>\n\t<p><span class=\"wpcf7-form-control-wrap\" data-name=\"your-name\"><input size=\"40\" maxlength=\"400\" class=\"wpcf7-form-control wpcf7-text wpcf7-validates-as-required\" aria-required=\"true\" aria-invalid=\"false\" value=\"\" type=\"text\" name=\"your-name\" \/><\/span>\n\t<\/p>\n<\/div>\n<div>\n\t<h6>E-Mail-Addresse <span class=\"mkdf-form-required-label\">*<\/span>\n\t<\/h6>\n\t<p><span class=\"wpcf7-form-control-wrap\" data-name=\"your-email\"><input size=\"40\" maxlength=\"400\" class=\"wpcf7-form-control wpcf7-email wpcf7-validates-as-required wpcf7-text wpcf7-validates-as-email\" aria-required=\"true\" aria-invalid=\"false\" value=\"\" type=\"email\" name=\"your-email\" \/><\/span>\n\t<\/p>\n<\/div>\n<div>\n\t<h6>Telefonnummer <span class=\"mkdf-form-required-label\">*<\/span>\n\t<\/h6>\n\t<p><span class=\"wpcf7-form-control-wrap\" data-name=\"your-phone\"><input size=\"40\" class=\"wpcf7-form-control wpcf7-phonetext wpcf7-validates-as-required wpcf7-text wpcf7-validates-as-phonetext\" data-numberonly=\"true\" aria-required=\"true\" aria-invalid=\"false\" value=\"\" type=\"text\" name=\"your-phone\" \/><input type=\"hidden\" name=\"your-phone-country-code\" class=\"wpcf7-phonetext-country-code\" \/><\/span>\n\t<\/p>\n<\/div>\n<div>\n\t<h6>CV\n\t<\/h6>\n\t<p><span class=\"wpcf7-form-control-wrap\" data-name=\"your-cv\"><input size=\"40\" class=\"wpcf7-form-control wpcf7-file\" accept=\"audio\/*,video\/*,image\/*\" aria-invalid=\"false\" type=\"file\" name=\"your-cv\" \/><\/span>\n\t<\/p>\n<\/div>\n<div>\n\t<h6>Zinsfunktion\n\t<\/h6>\n\t<p><span class=\"wpcf7-form-control-wrap\" data-name=\"your-message\"><textarea cols=\"40\" rows=\"10\" maxlength=\"2000\" class=\"wpcf7-form-control wpcf7-textarea\" aria-invalid=\"false\" name=\"your-message\"><\/textarea><\/span>\n\t<\/p>\n<\/div>\n<p><button class=\"wpcf7-form-control wpcf7-submit mkdf-btn mkdf-btn-medium mkdf-btn-solid\" type=\"submit\"><span class=\"mkdf-btn-text\">Schicken<\/span><\/button>\n<\/p><div class=\"wpcf7-response-output\" aria-hidden=\"true\"><\/div>\n<\/form>\n<\/div>\n\t\t<\/div>\n\t<\/div>\n<\/div><\/div>[\/vc_column][\/vc_row]<\/p>\n","protected":false},"excerpt":{"rendered":"<p>[vc_row row_content_width=&#8220;grid&#8220; row_btt_skin=&#8220;light&#8220; row_background_text_position=&#8220;front&#8220; css=&#8220;.vc_custom_1634127682698{padding-top: 100px !important;padding-bottom: 120px !important;}&#8220;][vc_column offset=&#8220;vc_col-lg-offset-3 vc_col-lg-6 vc_col-md-offset-2 vc_col-md-8&#8243;][vc_empty_space][vc_column_text] Aufgabengebiet LKW Fahrer f\u00fcr JET G\u00f6ssnitz Sie sind f\u00fcr die Ladungssicherung verantwortlich Sie f\u00fchren die notwendigen Fahrten durch Sie sorgen daf\u00fcr, dass Ihr Lkw stets sauber und [&hellip;]<\/p>\n","protected":false},"author":1,"featured_media":0,"parent":8768,"menu_order":0,"comment_status":"closed","ping_status":"closed","template":"full-width.php","meta":{"footnotes":""},"class_list":["post-9266","page","type-page","status-publish","hentry"],"_links":{"self":[{"href":"https:\/\/www.jetlogistics.eu\/de\/wp-json\/wp\/v2\/pages\/9266","targetHints":{"allow":["GET"]}}],"collection":[{"href":"https:\/\/www.jetlogistics.eu\/de\/wp-json\/wp\/v2\/pages"}],"about":[{"href":"https:\/\/www.jetlogistics.eu\/de\/wp-json\/wp\/v2\/types\/page"}],"author":[{"embeddable":true,"href":"https:\/\/www.jetlogistics.eu\/de\/wp-json\/wp\/v2\/users\/1"}],"replies":[{"embeddable":true,"href":"https:\/\/www.jetlogistics.eu\/de\/wp-json\/wp\/v2\/comments?post=9266"}],"version-history":[{"count":7,"href":"https:\/\/www.jetlogistics.eu\/de\/wp-json\/wp\/v2\/pages\/9266\/revisions"}],"predecessor-version":[{"id":16416,"href":"https:\/\/www.jetlogistics.eu\/de\/wp-json\/wp\/v2\/pages\/9266\/revisions\/16416"}],"up":[{"embeddable":true,"href":"https:\/\/www.jetlogistics.eu\/de\/wp-json\/wp\/v2\/pages\/8768"}],"wp:attachment":[{"href":"https:\/\/www.jetlogistics.eu\/de\/wp-json\/wp\/v2\/media?parent=9266"}],"curies":[{"name":"wp","href":"https:\/\/api.w.org\/{rel}","templated":true}]}}